{"id":273,"date":"2023-07-29T17:28:19","date_gmt":"2023-07-29T17:28:19","guid":{"rendered":"http:\/\/elh.drf.mybluehost.me\/.website_6bcd3499\/?page_id=273"},"modified":"2025-04-22T05:37:42","modified_gmt":"2025-04-22T05:37:42","slug":"mcallen-texas-divorce-lawyer","status":"publish","type":"page","link":"https:\/\/adavilalaw.com\/es\/mcallen-texas-divorce-lawyer\/","title":{"rendered":"McAllen, Texas | Abogado de divorcios"},"content":{"rendered":"<section class=\"section\" id=\"section_1138608456\">\n\t\t<div class=\"section-bg fill\" >\n\t\t\t<img loading=\"lazy\" decoding=\"async\" width=\"2560\" height=\"1707\" src=\"https:\/\/adavilalaw.com\/wp-content\/uploads\/2023\/07\/pexels-cottonbro-studio-4098224-scaled.jpg\" class=\"bg attachment- size-\" alt=\"\" \/>\t\t\t\t\t\t<div class=\"section-bg-overlay absolute fill\"><\/div>\n\t\t\t\n\n\t\t<\/div>\n\n\t\t\n\n\t\t<div class=\"section-content relative\">\n\t\t\t\n\n<div class=\"row\"  id=\"row-273767350\">\n\n\n\t<div id=\"col-2080917758\" class=\"col medium-6 small-12 large-6\"  >\n\t\t\t\t<div class=\"col-inner\"  >\n\t\t\t\n\t\t\t\n\n  <div id=\"page-header-1824891422\" class=\"page-header-wrapper\">\n  <div class=\"page-title dark simple-title\">\n\n    \n    <div class=\"page-title-inner container align-center flex-row medium-flex-wrap\" >\n              <div class=\"title-wrapper flex-col text-left medium-text-center\">\n          <h1 class=\"entry-title mb-0\">\n            McAllen, Texas | Abogado de divorcios          <\/h1>\n        <\/div>\n                    <div class=\"title-content flex-col flex-right text-right medium-text-center\">\n              <\/div>\n    <\/div>\n\n       <\/div>\n    <\/div>\n  \n\n<div class=\"is-divider divider clearfix\" style=\"max-width:30%;background-color:rgb(255, 255, 255);\"><\/div>\n\n\t<div id=\"text-1318024587\" class=\"text\">\n\t\t\n\n<h2>Si se va a divorciar, nuestro abogado de McAllen, Texas, est\u00e1 aqu\u00ed para ayudarlo<\/h2>\n\t\t\n<style>\n#text-1318024587 {\n  color: rgb(255,255,255);\n}\n#text-1318024587 > * {\n  color: rgb(255,255,255);\n}\n<\/style>\n\t<\/div>\n\t\n\n\t\t<\/div>\n\t\t\t\t\t<\/div>\n\n\t\n\n\t<div id=\"col-178426719\" class=\"col medium-6 small-12 large-6\"  >\n\t\t\t\t<div class=\"col-inner\"  >\n\t\t\t\n\t\t\t\n\n\n\t\t<\/div>\n\t\t\t\t\t<\/div>\n\n\t\n\n<\/div>\n\n\t\t<\/div>\n\n\t\t\n<style>\n#section_1138608456 {\n  padding-top: 30px;\n  padding-bottom: 30px;\n  min-height: 300px;\n}\n#section_1138608456 .section-bg-overlay {\n  background-color: rgba(0,0,0,.5);\n}\n#section_1138608456 .section-bg img {\n  object-position: 64% 49%;\n}\n@media (min-width:550px) {\n  #section_1138608456 {\n    min-height: 400px;\n  }\n}\n@media (min-width:850px) {\n  #section_1138608456 {\n    min-height: 300px;\n  }\n  #section_1138608456 .section-bg-overlay {\n    background-color: rgba(0,0,0,.5);\n  }\n}\n<\/style>\n\t<\/section>\n\t\n\n\t<section class=\"section\" id=\"section_1433605615\">\n\t\t<div class=\"section-bg fill\" >\n\t\t\t\t\t\t\t\t\t\n\t\t\t\n\n\t\t<\/div>\n\n\t\t\n\n\t\t<div class=\"section-content relative\">\n\t\t\t\n\n<div class=\"row align-center\"  id=\"row-248770816\">\n\n\n\t<div id=\"col-1542249132\" class=\"col medium-12 small-12 large-6\"  >\n\t\t\t\t<div class=\"col-inner\"  >\n\t\t\t\n\t\t\t\n\n\t<div id=\"gap-2101655865\" class=\"gap-element clearfix\" style=\"display:block; height:auto;\">\n\t\t\n<style>\n#gap-2101655865 {\n  padding-top: 10px;\n}\n@media (min-width:550px) {\n  #gap-2101655865 {\n    padding-top: 20px;\n  }\n}\n@media (min-width:850px) {\n  #gap-2101655865 {\n    padding-top: 30px;\n  }\n}\n<\/style>\n\t<\/div>\n\t\n\n<h4>Aqu\u00ed en la Oficina Legal de \u00c1ngel D\u00e1vila, entendemos que no hay nada m\u00e1s importante para una persona que su familia. Los asuntos relacionados con el divorcio y el derecho de familia pueden generar una tensi\u00f3n significativa para todos los involucrados, por lo que estos asuntos nunca deben manejarse sin un abogado de divorcio experimentado y compasivo en McAllen, Texas. Cont\u00e1ctenos hoy para obtener m\u00e1s informaci\u00f3n sobre c\u00f3mo nuestro equipo legal puede ayudarlo.<\/h4>\n\n\t\t<\/div>\n\t\t\t\t\n<style>\n#col-1542249132 > .col-inner {\n  padding: 0px 10% 0px 0px;\n}\n<\/style>\n\t<\/div>\n\n\t\n\n\t<div id=\"col-707833991\" class=\"col medium-12 small-12 large-6\"  >\n\t\t\t\t<div class=\"col-inner text-left\" style=\"background-color:rgb(241, 241, 241);\" >\n\t\t\t\n\t<div class=\"is-border\"\n\t\tstyle=\"border-width:10px 0px 0px 0px;\">\n\t<\/div>\n\t\t\t\n\n\t<div id=\"text-590850629\" class=\"text\">\n\t\t\n\n<h3>Nuestros servicios legales<\/h3>\n\t\t\n<style>\n#text-590850629 {\n  font-size: 1.25rem;\n  text-align: center;\n}\n<\/style>\n\t<\/div>\n\t\n<div class=\"row\"  id=\"row-538399134\">\n\n\n\t<div id=\"col-1271596632\" class=\"col medium-6 small-12 large-6\"  >\n\t\t\t\t<div class=\"col-inner\"  >\n\t\t\t\n\t\t\t\n\n<ul>\n<li class=\"bullet-checkmark\">Pensi\u00f3n alimenticia<\/li>\n<li class=\"bullet-checkmark\">Custodia del ni\u00f1o<\/li>\n<li class=\"bullet-checkmark\">Reubicaci\u00f3n infantil<\/li>\n<li class=\"bullet-checkmark\">Manutenci\u00f3n de los hijos<\/li>\n<\/ul>\n\n\t\t<\/div>\n\t\t\t\t\t<\/div>\n\n\t\n\n\t<div id=\"col-86995588\" class=\"col medium-6 small-12 large-6\"  >\n\t\t\t\t<div class=\"col-inner\"  >\n\t\t\t\n\t\t\t\n\n<ul>\n<li class=\"bullet-checkmark\">Violencia dom\u00e9stica<\/li>\n<li class=\"bullet-checkmark\">tiempo de crianza<\/li>\n<li class=\"bullet-checkmark\">Distribuci\u00f3n de propiedades<\/li>\n<li class=\"bullet-checkmark\">Divorcio no disputado<\/li>\n<\/ul>\n\n\t\t<\/div>\n\t\t\t\t\t<\/div>\n\n\t\n\n<\/div>\n<p style=\"text-align: center;\">Aqu\u00ed en nuestra firma, creemos que cada cliente merece una representaci\u00f3n competente y personalizada cuando se enfrenta a un divorcio. Somos un grupo legal compasivo, pero tambi\u00e9n podemos ser feroces en la sala del tribunal si es necesario. No importa las circunstancias de su divorcio, estamos aqu\u00ed para ayudarlo.<\/p>\n\n\t\t<\/div>\n\t\t\t\t\n<style>\n#col-707833991 > .col-inner {\n  padding: 15% 10% 5% 10%;\n  margin: 0 0px 0px 0px;\n}\n@media (min-width:550px) {\n  #col-707833991 > .col-inner {\n    padding: 10% 10% 8% 10%;\n  }\n}\n@media (min-width:850px) {\n  #col-707833991 > .col-inner {\n    padding: 5% 7% 3% 7%;\n    margin: -200px 0px 0px 0px;\n  }\n}\n<\/style>\n\t<\/div>\n\n\t\n\n<\/div>\n<div class=\"text-center\"><div class=\"is-divider divider clearfix\" style=\"max-width:20%;\"><\/div><\/div>\n\n\t<div id=\"gap-469147579\" class=\"gap-element clearfix\" style=\"display:block; height:auto;\">\n\t\t\n<style>\n#gap-469147579 {\n  padding-top: 30px;\n}\n<\/style>\n\t<\/div>\n\t\n\n<div class=\"row align-middle align-center\"  id=\"row-1046728616\">\n\n\n\t<div id=\"col-860255684\" class=\"col medium-6 small-12 large-6\"  >\n\t\t\t\t<div class=\"col-inner text-center\"  >\n\t\t\t\n\t\t\t\n\n\t<div id=\"text-1637489214\" class=\"text\">\n\t\t\n\n<h2>Prepar\u00e1ndose para un divorcio<\/h2>\n<p>Es fundamental que se prepare emocional y financieramente para los pr\u00f3ximos meses cuando se prepare para el divorcio. Tomar los siguientes pasos puede marcar una gran diferencia:<\/p>\n\t\t\n<style>\n#text-1637489214 {\n  text-align: center;\n}\n<\/style>\n\t<\/div>\n\t\n\n\t\t<\/div>\n\t\t\t\t\t<\/div>\n\n\t\n\n\t<div id=\"col-1595925525\" class=\"col medium-6 small-12 large-6\"  >\n\t\t\t\t<div class=\"col-inner text-center\"  >\n\t\t\t\n\t\t\t\n\n\t<div id=\"text-3441314166\" class=\"text\">\n\t\t\n\n<ul>\n<li style=\"text-align: left;\">Contrate los servicios de un abogado con experiencia en divorcios en McAllen, Texas.<\/li>\n<li style=\"text-align: left;\">Cree un plan financiero para despu\u00e9s de su divorcio (es decir, calcule sus facturas y otros gastos de manutenci\u00f3n, su salario anual, los activos en sus cuentas bancarias, etc.).<\/li>\n<li style=\"text-align: left;\">Al negociar su divorcio con su c\u00f3nyuge, trate de mantener la calma.<\/li>\n<li style=\"text-align: left;\">Aseg\u00farese de nunca poner nada por escrito sobre su divorcio (es decir, en mensajes de texto, publicaciones en redes sociales, etc.).<\/li>\n<li style=\"text-align: left;\">Considere la posibilidad de terapia si usted o sus hijos necesitan una persona imparcial con quien hablar.<\/li>\n<li style=\"text-align: left;\">Mant\u00e9n tu m\u00e1xima prioridad como tu bienestar y el de tus hijos.<\/li>\n<\/ul>\n\t\t\n<style>\n#text-3441314166 {\n  text-align: center;\n}\n<\/style>\n\t<\/div>\n\t\n\n\t\t<\/div>\n\t\t\t\t\t<\/div>\n\n\t\n\n<\/div>\n\n\t\t<\/div>\n\n\t\t\n<style>\n#section_1433605615 {\n  padding-top: 30px;\n  padding-bottom: 30px;\n}\n<\/style>\n\t<\/section>\n\t\n\n\t<section class=\"section dark\" id=\"section_1025922304\">\n\t\t<div class=\"section-bg fill\" >\n\t\t\t\t\t\t\t\t\t\n\t\t\t\n\n\t\t<\/div>\n\n\t\t\n\n\t\t<div class=\"section-content relative\">\n\t\t\t\n\n<div class=\"row row-large align-middle align-center\"  id=\"row-2005571888\">\n\n\n\t<div id=\"col-733345151\" class=\"col medium-10 small-12 large-6\"  >\n\t\t\t\t<div class=\"col-inner\"  >\n\t\t\t\n\t\t\t\n\n<h3>P\u00f3ngase en contacto con un abogado de divorcios de McAllen, Texas, para una consulta gratuita<\/h3>\n<p>Conf\u00ede en nuestro equipo legal en la Oficina Legal de \u00c1ngel D\u00e1vila para luchar por sus derechos en cada paso del proceso de divorcio que se avecina. Nuestro abogado de divorcios de McAllen, Texas, ha trabajado con innumerables clientes en asuntos relacionados con el divorcio. Confiamos en nuestra capacidad para brindar servicios \u00fatiles y responsables a cada uno de nuestros clientes. Comun\u00edquese con la Oficina Legal de \u00c1ngel D\u00e1vila hoy para programar su consulta inicial y comenzar este proceso. No es necesario que pases por este proceso solo. Estamos aqu\u00ed para ayudar.<\/p>\n\n\t\t<\/div>\n\t\t\t\t\t<\/div>\n\n\t\n\n\t<div id=\"col-997847362\" class=\"col medium-10 small-12 large-6\"  >\n\t\t\t\t<div class=\"col-inner\"  >\n\t\t\t\n\t\t\t\n\n<div class=\"row\"  id=\"row-1828955116\">\n\n\n\t<div id=\"col-446176160\" class=\"col medium-4 small-12 large-4\"  >\n\t\t\t\t<div class=\"col-inner text-left\"  >\n\t\t\t\n\t\t\t\n\n\t<div class=\"img has-hover x md-x lg-x y md-y lg-y\" id=\"image_1042092103\">\n\t\t\t\t\t\t\t\t<div class=\"img-inner dark\" >\n\t\t\t<img loading=\"lazy\" decoding=\"async\" width=\"240\" height=\"240\" src=\"https:\/\/adavilalaw.com\/wp-content\/uploads\/2023\/07\/mail-open-fill.png\" class=\"attachment-large size-large\" alt=\"\" srcset=\"https:\/\/adavilalaw.com\/wp-content\/uploads\/2023\/07\/mail-open-fill.png 240w, https:\/\/adavilalaw.com\/wp-content\/uploads\/2023\/07\/mail-open-fill-100x100.png 100w\" sizes=\"auto, (max-width: 240px) 100vw, 240px\" \/>\t\t\t\t\t\t\n\t\t\t\t\t<\/div>\n\t\t\t\t\t\t\t\t\n<style>\n#image_1042092103 {\n  width: 15%;\n}\n@media (min-width:550px) {\n  #image_1042092103 {\n    width: 20%;\n  }\n}\n<\/style>\n\t<\/div>\n\t\n\n<h3 class=\"uppercase\" style=\"text-align: left;\">Correo electr\u00f3nico<\/h3>\n<a href=\"#contact-us\" class=\"button white is-underline\" style=\"border-radius:99px;\">\n\t\t<span>Cont\u00e1ctenos<\/span>\n\t<\/a>\n\n\n\n\t\t<\/div>\n\t\t\t\t\t<\/div>\n\n\t\n\n\t<div id=\"col-2028771085\" class=\"col medium-4 small-12 large-4\"  >\n\t\t\t\t<div class=\"col-inner\"  >\n\t\t\t\n\t\t\t\n\n\t<div class=\"img has-hover x md-x lg-x y md-y lg-y\" id=\"image_855097396\">\n\t\t\t\t\t\t\t\t<div class=\"img-inner dark\" >\n\t\t\t<img loading=\"lazy\" decoding=\"async\" width=\"240\" height=\"240\" src=\"https:\/\/adavilalaw.com\/wp-content\/uploads\/2023\/07\/phone-fill.png\" class=\"attachment-large size-large\" alt=\"\" srcset=\"https:\/\/adavilalaw.com\/wp-content\/uploads\/2023\/07\/phone-fill.png 240w, https:\/\/adavilalaw.com\/wp-content\/uploads\/2023\/07\/phone-fill-100x100.png 100w\" sizes=\"auto, (max-width: 240px) 100vw, 240px\" \/>\t\t\t\t\t\t\n\t\t\t\t\t<\/div>\n\t\t\t\t\t\t\t\t\n<style>\n#image_855097396 {\n  width: 15%;\n}\n@media (min-width:550px) {\n  #image_855097396 {\n    width: 20%;\n  }\n}\n<\/style>\n\t<\/div>\n\t\n\n<h3 class=\"uppercase\">tel\u00e9fono<\/h3>\n<p><a href=\"tel:+19568404040\">PHONE: 956-840-4040<\/a><\/p>\n\n\t\t<\/div>\n\t\t\t\t\t<\/div>\n\n\t\n\n\t<div id=\"col-1300424155\" class=\"col medium-4 small-12 large-4\"  >\n\t\t\t\t<div class=\"col-inner\"  >\n\t\t\t\n\t\t\t\n\n\t<div class=\"img has-hover x md-x lg-x y md-y lg-y\" id=\"image_1076522946\">\n\t\t\t\t\t\t\t\t<div class=\"img-inner dark\" >\n\t\t\t<img loading=\"lazy\" decoding=\"async\" width=\"240\" height=\"240\" src=\"https:\/\/adavilalaw.com\/wp-content\/uploads\/2023\/07\/map-pin-2-fill-2.png\" class=\"attachment-large size-large\" alt=\"\" srcset=\"https:\/\/adavilalaw.com\/wp-content\/uploads\/2023\/07\/map-pin-2-fill-2.png 240w, https:\/\/adavilalaw.com\/wp-content\/uploads\/2023\/07\/map-pin-2-fill-2-100x100.png 100w\" sizes=\"auto, (max-width: 240px) 100vw, 240px\" \/>\t\t\t\t\t\t\n\t\t\t\t\t<\/div>\n\t\t\t\t\t\t\t\t\n<style>\n#image_1076522946 {\n  width: 15%;\n}\n@media (min-width:550px) {\n  #image_1076522946 {\n    width: 20%;\n  }\n}\n<\/style>\n\t<\/div>\n\t\n\n<h3 class=\"uppercase\">DIRECCI\u00d3N<\/h3>\n<p><a href=\"https:\/\/maps.app.goo.gl\/jttu56boJjBnba8V8\" target=\"_blank\" rel=\"noopener\">1508 South Lone Star Way Suite 4, Edinburg, Texas 78539<\/a><\/p>\n\n\t\t<\/div>\n\t\t\t\t\t<\/div>\n\n\t\n\n<\/div>\n\n\t\t<\/div>\n\t\t\t\t\t<\/div>\n\n\t\n\n<\/div>\n\n\t\t<\/div>\n\n\t\t\n<style>\n#section_1025922304 {\n  padding-top: 30px;\n  padding-bottom: 30px;\n  background-color: #273647;\n}\n<\/style>\n\t<\/section>","protected":false},"excerpt":{"rendered":"","protected":false},"author":1,"featured_media":275,"parent":0,"menu_order":0,"comment_status":"closed","ping_status":"closed","template":"page-blank.php","meta":{"nf_dc_page":"","footnotes":""},"class_list":["post-273","page","type-page","status-publish","has-post-thumbnail","hentry"],"_links":{"self":[{"href":"https:\/\/adavilalaw.com\/es\/wp-json\/wp\/v2\/pages\/273","targetHints":{"allow":["GET"]}}],"collection":[{"href":"https:\/\/adavilalaw.com\/es\/wp-json\/wp\/v2\/pages"}],"about":[{"href":"https:\/\/adavilalaw.com\/es\/wp-json\/wp\/v2\/types\/page"}],"author":[{"embeddable":true,"href":"https:\/\/adavilalaw.com\/es\/wp-json\/wp\/v2\/users\/1"}],"replies":[{"embeddable":true,"href":"https:\/\/adavilalaw.com\/es\/wp-json\/wp\/v2\/comments?post=273"}],"version-history":[{"count":20,"href":"https:\/\/adavilalaw.com\/es\/wp-json\/wp\/v2\/pages\/273\/revisions"}],"predecessor-version":[{"id":532,"href":"https:\/\/adavilalaw.com\/es\/wp-json\/wp\/v2\/pages\/273\/revisions\/532"}],"wp:featuredmedia":[{"embeddable":true,"href":"https:\/\/adavilalaw.com\/es\/wp-json\/wp\/v2\/media\/275"}],"wp:attachment":[{"href":"https:\/\/adavilalaw.com\/es\/wp-json\/wp\/v2\/media?parent=273"}],"curies":[{"name":"wp","href":"https:\/\/api.w.org\/{rel}","templated":true}]}}