{"id":341,"date":"2023-07-30T06:05:53","date_gmt":"2023-07-30T06:05:53","guid":{"rendered":"http:\/\/elh.drf.mybluehost.me\/.website_6bcd3499\/?page_id=341"},"modified":"2025-04-22T05:36:47","modified_gmt":"2025-04-22T05:36:47","slug":"mcallen-texas-estate-planning-lawyer","status":"publish","type":"page","link":"https:\/\/adavilalaw.com\/es\/mcallen-texas-estate-planning-lawyer\/","title":{"rendered":"McAllen, Texas | Abogado de planificaci\u00f3n patrimonial"},"content":{"rendered":"<section class=\"section\" id=\"section_1920181530\">\n\t\t<div class=\"section-bg fill\" >\n\t\t\t<img loading=\"lazy\" decoding=\"async\" width=\"2560\" height=\"1707\" src=\"https:\/\/adavilalaw.com\/wp-content\/uploads\/2023\/07\/pexels-cottonbro-studio-4098224-scaled.jpg\" class=\"bg attachment- size-\" alt=\"\" \/>\t\t\t\t\t\t<div class=\"section-bg-overlay absolute fill\"><\/div>\n\t\t\t\n\n\t\t<\/div>\n\n\t\t\n\n\t\t<div class=\"section-content relative\">\n\t\t\t\n\n<div class=\"row\"  id=\"row-1889981691\">\n\n\n\t<div id=\"col-833506529\" class=\"col medium-6 small-12 large-6\"  >\n\t\t\t\t<div class=\"col-inner\"  >\n\t\t\t\n\t\t\t\n\n  <div id=\"page-header-172373314\" class=\"page-header-wrapper\">\n  <div class=\"page-title dark simple-title\">\n\n    \n    <div class=\"page-title-inner container align-center flex-row medium-flex-wrap\" >\n              <div class=\"title-wrapper flex-col text-left medium-text-center\">\n          <h1 class=\"entry-title mb-0\">\n            McAllen, Texas | Abogado de planificaci\u00f3n patrimonial          <\/h1>\n        <\/div>\n                    <div class=\"title-content flex-col flex-right text-right medium-text-center\">\n              <\/div>\n    <\/div>\n\n       <\/div>\n    <\/div>\n  \n\n<div class=\"is-divider divider clearfix\" style=\"max-width:30%;background-color:rgb(255, 255, 255);\"><\/div>\n\n\t<div id=\"text-299062869\" class=\"text\">\n\t\t\n\n<h2>Planificaci\u00f3n patrimonial en McAllen, Texas | Nuestro abogado est\u00e1 aqu\u00ed para proteger su futuro<\/h2>\n\t\t\n<style>\n#text-299062869 {\n  color: rgb(255,255,255);\n}\n#text-299062869 > * {\n  color: rgb(255,255,255);\n}\n<\/style>\n\t<\/div>\n\t\n\n\t\t<\/div>\n\t\t\t\t\t<\/div>\n\n\t\n\n\t<div id=\"col-186668478\" class=\"col medium-6 small-12 large-6\"  >\n\t\t\t\t<div class=\"col-inner\"  >\n\t\t\t\n\t\t\t\n\n\n\t\t<\/div>\n\t\t\t\t\t<\/div>\n\n\t\n\n<\/div>\n\n\t\t<\/div>\n\n\t\t\n<style>\n#section_1920181530 {\n  padding-top: 30px;\n  padding-bottom: 30px;\n  min-height: 300px;\n}\n#section_1920181530 .section-bg-overlay {\n  background-color: rgba(0,0,0,.5);\n}\n#section_1920181530 .section-bg img {\n  object-position: 64% 49%;\n}\n@media (min-width:550px) {\n  #section_1920181530 {\n    min-height: 400px;\n  }\n}\n@media (min-width:850px) {\n  #section_1920181530 {\n    min-height: 300px;\n  }\n  #section_1920181530 .section-bg-overlay {\n    background-color: rgba(0,0,0,.5);\n  }\n}\n<\/style>\n\t<\/section>\n\t\n\n\t<section class=\"section\" id=\"section_1642104836\">\n\t\t<div class=\"section-bg fill\" >\n\t\t\t\t\t\t\t\t\t\n\t\t\t\n\n\t\t<\/div>\n\n\t\t\n\n\t\t<div class=\"section-content relative\">\n\t\t\t\n\n<div class=\"row align-center\"  id=\"row-39552945\">\n\n\n\t<div id=\"col-1089811009\" class=\"col medium-12 small-12 large-6\"  >\n\t\t\t\t<div class=\"col-inner\"  >\n\t\t\t\n\t\t\t\n\n\t<div id=\"gap-1112895537\" class=\"gap-element clearfix\" style=\"display:block; height:auto;\">\n\t\t\n<style>\n#gap-1112895537 {\n  padding-top: 10px;\n}\n@media (min-width:550px) {\n  #gap-1112895537 {\n    padding-top: 20px;\n  }\n}\n@media (min-width:850px) {\n  #gap-1112895537 {\n    padding-top: 30px;\n  }\n}\n<\/style>\n\t<\/div>\n\t\n\n<p>Desarrollar un plan patrimonial integral es algo que todos deber\u00edan hacer en su vida, y si est\u00e1 considerando crear el suyo, puede confiar en un abogado con experiencia en planificaci\u00f3n patrimonial de McAllen, Texas, aqu\u00ed en la Oficina Legal de Angel Davila, para que lo ayude. Cont\u00e1ctenos hoy para obtener m\u00e1s informaci\u00f3n sobre las leyes patrimoniales en Texas y c\u00f3mo podemos ayudarlo a elaborar un plan patrimonial que mejor se adapte a sus necesidades y las de su familia.<\/p>\n\n\t\t<\/div>\n\t\t\t\t\n<style>\n#col-1089811009 > .col-inner {\n  padding: 0px 10% 0px 0px;\n}\n<\/style>\n\t<\/div>\n\n\t\n\n\t<div id=\"col-1287084911\" class=\"col medium-12 small-12 large-6\"  >\n\t\t\t\t<div class=\"col-inner text-left\" style=\"background-color:rgb(241, 241, 241);\" >\n\t\t\t\n\t<div class=\"is-border\"\n\t\tstyle=\"border-width:10px 0px 0px 0px;\">\n\t<\/div>\n\t\t\t\n\n\t<div id=\"text-3690723240\" class=\"text\">\n\t\t\n\n<h3>Nuestros servicios de planificaci\u00f3n patrimonial<\/h3>\n\t\t\n<style>\n#text-3690723240 {\n  font-size: 1.25rem;\n  text-align: center;\n}\n<\/style>\n\t<\/div>\n\t\n<p>Nuestro equipo legal ofrece a los clientes en McAllen, el condado de Hidalgo y en todo el estado de Texas una amplia gama de servicios de planificaci\u00f3n patrimonial. Algunos de los asuntos de planificaci\u00f3n patrimonial con los que nuestra firma puede ayudarlo a usted y a su familia son los siguientes:<\/p>\n<div class=\"row\"  id=\"row-7364846\">\n\n\n\t<div id=\"col-375715285\" class=\"col medium-6 small-12 large-6\"  >\n\t\t\t\t<div class=\"col-inner\"  >\n\t\t\t\n\t\t\t\n\n<ul>\n<li class=\"bullet-checkmark\"> Testamentos <\/li>\n<li class=\"bullet-checkmark\"> Fideicomisos <\/li>\n<li class=\"bullet-checkmark\">poderes notariales\n<\/li>\n<li class=\"bullet-checkmark\"> Legalizaci\u00f3n de un testamento <\/li>\n<\/ul>\n\n\t\t<\/div>\n\t\t\t\t\t<\/div>\n\n\t\n\n\t<div id=\"col-938678258\" class=\"col medium-6 small-12 large-6\"  >\n\t\t\t\t<div class=\"col-inner\"  >\n\t\t\t\n\t\t\t\n\n<ul>\n<li class=\"bullet-checkmark\">Administraci\u00f3n de Bienes\n<\/li>\n<li class=\"bullet-checkmark\">Litigio Patrimonial\n<\/li>\n<li class=\"bullet-checkmark\"> Tutelas <\/li>\n<li class=\"bullet-checkmark\">Directivas anticipadas de atenci\u00f3n m\u00e9dica\n<\/li>\n<\/ul>\n\n\t\t<\/div>\n\t\t\t\t\t<\/div>\n\n\t\n\n<\/div>\n\n\t\t<\/div>\n\t\t\t\t\n<style>\n#col-1287084911 > .col-inner {\n  padding: 15% 10% 5% 10%;\n  margin: 0 0px 0px 0px;\n}\n@media (min-width:550px) {\n  #col-1287084911 > .col-inner {\n    padding: 10% 10% 8% 10%;\n  }\n}\n@media (min-width:850px) {\n  #col-1287084911 > .col-inner {\n    padding: 5% 7% 3% 7%;\n    margin: -200px 0px 0px 0px;\n  }\n}\n<\/style>\n\t<\/div>\n\n\t\n\n<\/div>\n<div class=\"text-center\"><div class=\"is-divider divider clearfix\" style=\"max-width:20%;\"><\/div><\/div>\n\n\n\t\t<\/div>\n\n\t\t\n<style>\n#section_1642104836 {\n  padding-top: 30px;\n  padding-bottom: 30px;\n}\n<\/style>\n\t<\/section>\n\t\n\n\t<section class=\"section dark\" id=\"section_1471363503\">\n\t\t<div class=\"section-bg fill\" >\n\t\t\t\t\t\t\t\t\t\n\t\t\t\n\n\t\t<\/div>\n\n\t\t\n\n\t\t<div class=\"section-content relative\">\n\t\t\t\n\n<div class=\"row row-large align-middle align-center\"  id=\"row-1000530881\">\n\n\n\t<div id=\"col-731531928\" class=\"col medium-10 small-12 large-6\"  >\n\t\t\t\t<div class=\"col-inner\"  >\n\t\t\t\n\t\t\t\n\n<h3>Comun\u00edquese con un abogado de planificaci\u00f3n patrimonial de McAllen, Texas, para una consulta gratuita<\/h3>\n<p>La conclusi\u00f3n es que, independientemente del asunto de planificaci\u00f3n patrimonial que se trate, nuestro equipo legal se siente honrado de ayudarlo a usted y a su familia a tener la tranquilidad que se merecen. P\u00f3ngase en contacto con la Oficina Legal de \u00c1ngel D\u00e1vila hoy para programar su consulta inicial con nuestro compasivo y experto grupo legal.<\/p>\n\n\t\t<\/div>\n\t\t\t\t\t<\/div>\n\n\t\n\n\t<div id=\"col-515538769\" class=\"col medium-10 small-12 large-6\"  >\n\t\t\t\t<div class=\"col-inner\"  >\n\t\t\t\n\t\t\t\n\n<div class=\"row\"  id=\"row-1549020528\">\n\n\n\t<div id=\"col-330539034\" class=\"col medium-4 small-12 large-4\"  >\n\t\t\t\t<div class=\"col-inner text-left\"  >\n\t\t\t\n\t\t\t\n\n\t<div class=\"img has-hover x md-x lg-x y md-y lg-y\" id=\"image_451909775\">\n\t\t\t\t\t\t\t\t<div class=\"img-inner dark\" >\n\t\t\t<img loading=\"lazy\" decoding=\"async\" width=\"240\" height=\"240\" src=\"https:\/\/adavilalaw.com\/wp-content\/uploads\/2023\/07\/mail-open-fill.png\" class=\"attachment-large size-large\" alt=\"\" srcset=\"https:\/\/adavilalaw.com\/wp-content\/uploads\/2023\/07\/mail-open-fill.png 240w, https:\/\/adavilalaw.com\/wp-content\/uploads\/2023\/07\/mail-open-fill-100x100.png 100w\" sizes=\"auto, (max-width: 240px) 100vw, 240px\" \/>\t\t\t\t\t\t\n\t\t\t\t\t<\/div>\n\t\t\t\t\t\t\t\t\n<style>\n#image_451909775 {\n  width: 15%;\n}\n@media (min-width:550px) {\n  #image_451909775 {\n    width: 20%;\n  }\n}\n<\/style>\n\t<\/div>\n\t\n\n<h3 class=\"uppercase\" style=\"text-align: left;\">Correo electr\u00f3nico<\/h3>\n<a href=\"#contact-us\" class=\"button white is-underline\" style=\"border-radius:99px;\">\n\t\t<span>Cont\u00e1ctenos<\/span>\n\t<\/a>\n\n\n\n\t\t<\/div>\n\t\t\t\t\t<\/div>\n\n\t\n\n\t<div id=\"col-788042151\" class=\"col medium-4 small-12 large-4\"  >\n\t\t\t\t<div class=\"col-inner\"  >\n\t\t\t\n\t\t\t\n\n\t<div class=\"img has-hover x md-x lg-x y md-y lg-y\" id=\"image_1236763144\">\n\t\t\t\t\t\t\t\t<div class=\"img-inner dark\" >\n\t\t\t<img loading=\"lazy\" decoding=\"async\" width=\"240\" height=\"240\" src=\"https:\/\/adavilalaw.com\/wp-content\/uploads\/2023\/07\/phone-fill.png\" class=\"attachment-large size-large\" alt=\"\" srcset=\"https:\/\/adavilalaw.com\/wp-content\/uploads\/2023\/07\/phone-fill.png 240w, https:\/\/adavilalaw.com\/wp-content\/uploads\/2023\/07\/phone-fill-100x100.png 100w\" sizes=\"auto, (max-width: 240px) 100vw, 240px\" \/>\t\t\t\t\t\t\n\t\t\t\t\t<\/div>\n\t\t\t\t\t\t\t\t\n<style>\n#image_1236763144 {\n  width: 15%;\n}\n@media (min-width:550px) {\n  #image_1236763144 {\n    width: 20%;\n  }\n}\n<\/style>\n\t<\/div>\n\t\n\n<h3 class=\"uppercase\">tel\u00e9fono<\/h3>\n<p><a href=\"tel:+19568404040\">PHONE: 956-840-4040<\/a><\/p>\n\n\t\t<\/div>\n\t\t\t\t\t<\/div>\n\n\t\n\n\t<div id=\"col-1466805166\" class=\"col medium-4 small-12 large-4\"  >\n\t\t\t\t<div class=\"col-inner\"  >\n\t\t\t\n\t\t\t\n\n\t<div class=\"img has-hover x md-x lg-x y md-y lg-y\" id=\"image_1975334241\">\n\t\t\t\t\t\t\t\t<div class=\"img-inner dark\" >\n\t\t\t<img loading=\"lazy\" decoding=\"async\" width=\"240\" height=\"240\" src=\"https:\/\/adavilalaw.com\/wp-content\/uploads\/2023\/07\/map-pin-2-fill-2.png\" class=\"attachment-large size-large\" alt=\"\" srcset=\"https:\/\/adavilalaw.com\/wp-content\/uploads\/2023\/07\/map-pin-2-fill-2.png 240w, https:\/\/adavilalaw.com\/wp-content\/uploads\/2023\/07\/map-pin-2-fill-2-100x100.png 100w\" sizes=\"auto, (max-width: 240px) 100vw, 240px\" \/>\t\t\t\t\t\t\n\t\t\t\t\t<\/div>\n\t\t\t\t\t\t\t\t\n<style>\n#image_1975334241 {\n  width: 15%;\n}\n@media (min-width:550px) {\n  #image_1975334241 {\n    width: 20%;\n  }\n}\n<\/style>\n\t<\/div>\n\t\n\n<h3 class=\"uppercase\">DIRECCI\u00d3N<\/h3>\n<p><a href=\"https:\/\/maps.app.goo.gl\/jttu56boJjBnba8V8\" target=\"_blank\" rel=\"noopener\">1508 South Lone Star Way Suite 4, Edinburg, Texas 78539<\/a><\/p>\n\n\t\t<\/div>\n\t\t\t\t\t<\/div>\n\n\t\n\n<\/div>\n\n\t\t<\/div>\n\t\t\t\t\t<\/div>\n\n\t\n\n<\/div>\n\n\t\t<\/div>\n\n\t\t\n<style>\n#section_1471363503 {\n  padding-top: 30px;\n  padding-bottom: 30px;\n  background-color: #273647;\n}\n<\/style>\n\t<\/section>","protected":false},"excerpt":{"rendered":"","protected":false},"author":1,"featured_media":275,"parent":0,"menu_order":0,"comment_status":"closed","ping_status":"closed","template":"page-blank.php","meta":{"nf_dc_page":"","footnotes":""},"class_list":["post-341","page","type-page","status-publish","has-post-thumbnail","hentry"],"_links":{"self":[{"href":"https:\/\/adavilalaw.com\/es\/wp-json\/wp\/v2\/pages\/341","targetHints":{"allow":["GET"]}}],"collection":[{"href":"https:\/\/adavilalaw.com\/es\/wp-json\/wp\/v2\/pages"}],"about":[{"href":"https:\/\/adavilalaw.com\/es\/wp-json\/wp\/v2\/types\/page"}],"author":[{"embeddable":true,"href":"https:\/\/adavilalaw.com\/es\/wp-json\/wp\/v2\/users\/1"}],"replies":[{"embeddable":true,"href":"https:\/\/adavilalaw.com\/es\/wp-json\/wp\/v2\/comments?post=341"}],"version-history":[{"count":5,"href":"https:\/\/adavilalaw.com\/es\/wp-json\/wp\/v2\/pages\/341\/revisions"}],"predecessor-version":[{"id":531,"href":"https:\/\/adavilalaw.com\/es\/wp-json\/wp\/v2\/pages\/341\/revisions\/531"}],"wp:featuredmedia":[{"embeddable":true,"href":"https:\/\/adavilalaw.com\/es\/wp-json\/wp\/v2\/media\/275"}],"wp:attachment":[{"href":"https:\/\/adavilalaw.com\/es\/wp-json\/wp\/v2\/media?parent=341"}],"curies":[{"name":"wp","href":"https:\/\/api.w.org\/{rel}","templated":true}]}}