{"id":344,"date":"2023-07-30T06:11:41","date_gmt":"2023-07-30T06:11:41","guid":{"rendered":"http:\/\/elh.drf.mybluehost.me\/.website_6bcd3499\/?page_id=344"},"modified":"2025-04-22T05:35:39","modified_gmt":"2025-04-22T05:35:39","slug":"mcallen-texas-personal-injury-lawyer","status":"publish","type":"page","link":"https:\/\/adavilalaw.com\/es\/mcallen-texas-personal-injury-lawyer\/","title":{"rendered":"McAllen, Texas | Abogado de lesiones personales"},"content":{"rendered":"<section class=\"section\" id=\"section_1484637035\">\n\t\t<div class=\"section-bg fill\" >\n\t\t\t<img loading=\"lazy\" decoding=\"async\" width=\"2560\" height=\"1707\" src=\"https:\/\/adavilalaw.com\/wp-content\/uploads\/2023\/07\/pexels-cottonbro-studio-4098224-scaled.jpg\" class=\"bg attachment- size-\" alt=\"\" \/>\t\t\t\t\t\t<div class=\"section-bg-overlay absolute fill\"><\/div>\n\t\t\t\n\n\t\t<\/div>\n\n\t\t\n\n\t\t<div class=\"section-content relative\">\n\t\t\t\n\n<div class=\"row\"  id=\"row-581033962\">\n\n\n\t<div id=\"col-481975140\" class=\"col medium-6 small-12 large-6\"  >\n\t\t\t\t<div class=\"col-inner\"  >\n\t\t\t\n\t\t\t\n\n  <div id=\"page-header-3830274\" class=\"page-header-wrapper\">\n  <div class=\"page-title dark simple-title\">\n\n    \n    <div class=\"page-title-inner container align-center flex-row medium-flex-wrap\" >\n              <div class=\"title-wrapper flex-col text-left medium-text-center\">\n          <h1 class=\"entry-title mb-0\">\n            McAllen, Texas | Abogado de lesiones personales          <\/h1>\n        <\/div>\n                    <div class=\"title-content flex-col flex-right text-right medium-text-center\">\n              <\/div>\n    <\/div>\n\n       <\/div>\n    <\/div>\n  \n\n<div class=\"is-divider divider clearfix\" style=\"max-width:30%;background-color:rgb(255, 255, 255);\"><\/div>\n\n\t<div id=\"text-2958096780\" class=\"text\">\n\t\t\n\n<h2>Abogado de lesiones personales | Sirviendo a clientes en McAllen y en todo Texas<\/h2>\n\t\t\n<style>\n#text-2958096780 {\n  color: rgb(255,255,255);\n}\n#text-2958096780 > * {\n  color: rgb(255,255,255);\n}\n<\/style>\n\t<\/div>\n\t\n\n\t\t<\/div>\n\t\t\t\t\t<\/div>\n\n\t\n\n\t<div id=\"col-1674442619\" class=\"col medium-6 small-12 large-6\"  >\n\t\t\t\t<div class=\"col-inner\"  >\n\t\t\t\n\t\t\t\n\n\n\t\t<\/div>\n\t\t\t\t\t<\/div>\n\n\t\n\n<\/div>\n\n\t\t<\/div>\n\n\t\t\n<style>\n#section_1484637035 {\n  padding-top: 30px;\n  padding-bottom: 30px;\n  min-height: 300px;\n}\n#section_1484637035 .section-bg-overlay {\n  background-color: rgba(0,0,0,.5);\n}\n#section_1484637035 .section-bg img {\n  object-position: 64% 49%;\n}\n@media (min-width:550px) {\n  #section_1484637035 {\n    min-height: 400px;\n  }\n}\n@media (min-width:850px) {\n  #section_1484637035 {\n    min-height: 300px;\n  }\n  #section_1484637035 .section-bg-overlay {\n    background-color: rgba(0,0,0,.5);\n  }\n}\n<\/style>\n\t<\/section>\n\t\n\n\t<section class=\"section\" id=\"section_1122674000\">\n\t\t<div class=\"section-bg fill\" >\n\t\t\t\t\t\t\t\t\t\n\t\t\t\n\n\t\t<\/div>\n\n\t\t\n\n\t\t<div class=\"section-content relative\">\n\t\t\t\n\n<div class=\"row align-center\"  id=\"row-790328588\">\n\n\n\t<div id=\"col-1569777394\" class=\"col medium-12 small-12 large-6\"  >\n\t\t\t\t<div class=\"col-inner\"  >\n\t\t\t\n\t\t\t\n\n\t<div id=\"gap-1306198997\" class=\"gap-element clearfix\" style=\"display:block; height:auto;\">\n\t\t\n<style>\n#gap-1306198997 {\n  padding-top: 10px;\n}\n@media (min-width:550px) {\n  #gap-1306198997 {\n    padding-top: 20px;\n  }\n}\n@media (min-width:850px) {\n  #gap-1306198997 {\n    padding-top: 30px;\n  }\n}\n<\/style>\n\t<\/div>\n\t\n\n<p>Aqu\u00ed en Texas, la gente se ve herida por el descuido de otros pr\u00e1cticamente todos los d\u00edas. Sin embargo, a menudo estas personas no buscan recursos legales, incluso si pudieran tener derecho a una compensaci\u00f3n financiera. Si result\u00f3 herido sin culpa alguna, debe considerar sus opciones en el futuro, es decir, contratar a un abogado competente en lesiones personales de McAllen, Texas, para que lo represente. Cont\u00e1ctenos hoy para que podamos hablar m\u00e1s sobre su caso y luchar por la compensaci\u00f3n que merece.<\/p>\n<h2>Presentar a tiempo<\/h2>\n<p>Como ocurre con todos los reclamos civiles, existe un estatuto de limitaciones para los reclamos por lesiones personales aqu\u00ed en Texas. Este plazo de prescripci\u00f3n es, generalmente, de dos a\u00f1os, lo que le da dos a\u00f1os a partir de la fecha en que result\u00f3 lesionado para demandar a la parte responsable por una compensaci\u00f3n. Dicho esto, cuanto antes hable con un abogado, antes podremos luchar por la compensaci\u00f3n que necesita para sanar.<\/p>\n\n\t\t<\/div>\n\t\t\t\t\n<style>\n#col-1569777394 > .col-inner {\n  padding: 0px 10% 0px 0px;\n}\n<\/style>\n\t<\/div>\n\n\t\n\n\t<div id=\"col-2113812236\" class=\"col medium-12 small-12 large-6\"  >\n\t\t\t\t<div class=\"col-inner text-left\" style=\"background-color:rgb(241, 241, 241);\" >\n\t\t\t\n\t<div class=\"is-border\"\n\t\tstyle=\"border-width:10px 0px 0px 0px;\">\n\t<\/div>\n\t\t\t\n\n\t<div id=\"text-3118565321\" class=\"text\">\n\t\t\n\n<h3>Nuestros servicios de lesiones personales<\/h3>\n\t\t\n<style>\n#text-3118565321 {\n  font-size: 1.25rem;\n  text-align: center;\n}\n<\/style>\n\t<\/div>\n\t\n<p>La Oficina Legal de \u00c1ngel D\u00e1vila maneja varios casos de lesiones personales en nombre de v\u00edctimas de accidentes en Texas, incluidos los siguientes:<\/p>\n<div class=\"row\"  id=\"row-212248503\">\n\n\n\t<div id=\"col-740082988\" class=\"col medium-6 small-12 large-6\"  >\n\t\t\t\t<div class=\"col-inner\"  >\n\t\t\t\n\t\t\t\n\n<ul>\n<li class=\"bullet-checkmark\"> Accidentes automovil\u00edsticos<\/li>\n<li class=\"bullet-checkmark\">Accidentes de camiones\n<\/li>\n<li class=\"bullet-checkmark\">Productos defectuosos<\/li>\n<li class=\"bullet-checkmark\">Muerte injusta<\/li>\n<\/ul>\n\n\t\t<\/div>\n\t\t\t\t\t<\/div>\n\n\t\n\n\t<div id=\"col-496305343\" class=\"col medium-6 small-12 large-6\"  >\n\t\t\t\t<div class=\"col-inner\"  >\n\t\t\t\n\t\t\t\n\n<ul>\n<li class=\"bullet-checkmark\">Negligencia m\u00e9dica<\/li>\n<li class=\"bullet-checkmark\">Lesiones Laborales\n<\/li>\n<li class=\"bullet-checkmark\">Mordidas de perro<\/li>\n<li class=\"bullet-checkmark\">Seguridad negligente\n<\/li>\n<li class=\"bullet-checkmark\">Resbalones, tropezones y ca\u00eddas<\/li>\n<\/ul>\n\n\t\t<\/div>\n\t\t\t\t\t<\/div>\n\n\t\n\n<\/div>\n<p>Entendemos que un accidente grave puede tener impactos dr\u00e1sticos y duraderos en la vida de una persona. Ya sea que se lastim\u00f3 en la carretera o debido a condiciones inseguras de la propiedad, si la lesi\u00f3n no fue culpa suya, no deber\u00eda tener que pagar por ella. Si est\u00e1 listo para solicitar una compensaci\u00f3n financiera por los da\u00f1os en los que ha incurrido, comun\u00edquese con nosotros hoy para que podamos comenzar a trabajar en su caso.<\/p>\n\n\t\t<\/div>\n\t\t\t\t\n<style>\n#col-2113812236 > .col-inner {\n  padding: 15% 10% 5% 10%;\n  margin: 0 0px 0px 0px;\n}\n@media (min-width:550px) {\n  #col-2113812236 > .col-inner {\n    padding: 10% 10% 8% 10%;\n  }\n}\n@media (min-width:850px) {\n  #col-2113812236 > .col-inner {\n    padding: 5% 7% 3% 7%;\n    margin: -200px 0px 0px 0px;\n  }\n}\n<\/style>\n\t<\/div>\n\n\t\n\n<\/div>\n<div class=\"text-center\"><div class=\"is-divider divider clearfix\" style=\"max-width:20%;\"><\/div><\/div>\n\n<div class=\"row\"  id=\"row-1318827882\">\n\n\n\t<div id=\"col-1850552594\" class=\"col small-12 large-12\"  >\n\t\t\t\t<div class=\"col-inner\"  >\n\t\t\t\n\t\t\t\n\n<h2>Demostrar su reclamo por lesiones<\/h2>\n<p>Es f\u00e1cil perderse en el caos y la niebla de un accidente, pero si puede, debe hacer todo lo posible para mantenerse alerta y documentar exactamente c\u00f3mo ocurri\u00f3 el accidente. Hacerlo puede aumentar dr\u00e1sticamente sus posibilidades de ganar su reclamo por lesiones personales. Tomar las siguientes medidas puede contribuir a satisfacer la carga de la prueba:<\/p>\n<ul>\n<li>Llame a los servicios de emergencia al lugar y aseg\u00farese de recibir tratamiento m\u00e9dico.<\/li>\n<li>Mantenga toda la documentaci\u00f3n m\u00e9dica relevante relacionada con sus lesiones.<\/li>\n<li>Tome fotograf\u00edas de cualquier da\u00f1o causado por el accidente, incluidas sus lesiones.<\/li>\n<li>Solicite a los testigos su nombre, n\u00famero de tel\u00e9fono, direcci\u00f3n de correo electr\u00f3nico o una declaraci\u00f3n escrita\/grabada.<\/li>\n<li>No hable con la compa\u00f1\u00eda de seguros de la otra parte antes de hablar con un abogado; si habla con la compa\u00f1\u00eda de seguros, aseg\u00farese de conservar una copia de toda la correspondencia que haya tenido.<\/li>\n<\/ul>\n<p>Siempre que demostremos que sufri\u00f3 lesiones como resultado directo de la negligencia de otra persona, deber\u00eda tener derecho a una compensaci\u00f3n por los da\u00f1os econ\u00f3micos y no econ\u00f3micos en los que haya incurrido.<\/p>\n\n\t\t<\/div>\n\t\t\t\t\t<\/div>\n\n\t\n\n<\/div>\n\n\t\t<\/div>\n\n\t\t\n<style>\n#section_1122674000 {\n  padding-top: 30px;\n  padding-bottom: 30px;\n}\n<\/style>\n\t<\/section>\n\t\n\n\t<section class=\"section dark\" id=\"section_51801772\">\n\t\t<div class=\"section-bg fill\" >\n\t\t\t\t\t\t\t\t\t\n\t\t\t\n\n\t\t<\/div>\n\n\t\t\n\n\t\t<div class=\"section-content relative\">\n\t\t\t\n\n<div class=\"row row-large align-middle align-center\"  id=\"row-757016936\">\n\n\n\t<div id=\"col-1376219193\" class=\"col medium-10 small-12 large-6\"  >\n\t\t\t\t<div class=\"col-inner\"  >\n\t\t\t\n\t\t\t\n\n<h3>Comun\u00edquese con un abogado de lesiones personales de McAllen para una consulta gratuita<\/h3>\n<p>Si result\u00f3 herido y necesita ayuda, no busque m\u00e1s que la Oficina Legal de \u00c1ngel D\u00e1vila. Tenemos a\u00f1os de experiencia luchando por clientes aqu\u00ed en el condado de Hidalgo y en todo Texas, y estamos orgullosos de poner esa experiencia a trabajar para usted.\u00a0<a href=\"https:\/\/adavilalaw.com\/es\/contact\/\">Contacto<\/a>\u00a0un abogado de lesiones personales de nuestra firma hoy.<\/p>\n\n\t\t<\/div>\n\t\t\t\t\t<\/div>\n\n\t\n\n\t<div id=\"col-1590195142\" class=\"col medium-10 small-12 large-6\"  >\n\t\t\t\t<div class=\"col-inner\"  >\n\t\t\t\n\t\t\t\n\n<div class=\"row\"  id=\"row-1039012774\">\n\n\n\t<div id=\"col-2001238050\" class=\"col medium-4 small-12 large-4\"  >\n\t\t\t\t<div class=\"col-inner text-left\"  >\n\t\t\t\n\t\t\t\n\n\t<div class=\"img has-hover x md-x lg-x y md-y lg-y\" id=\"image_261119914\">\n\t\t\t\t\t\t\t\t<div class=\"img-inner dark\" >\n\t\t\t<img loading=\"lazy\" decoding=\"async\" width=\"240\" height=\"240\" src=\"https:\/\/adavilalaw.com\/wp-content\/uploads\/2023\/07\/mail-open-fill.png\" class=\"attachment-large size-large\" alt=\"\" srcset=\"https:\/\/adavilalaw.com\/wp-content\/uploads\/2023\/07\/mail-open-fill.png 240w, https:\/\/adavilalaw.com\/wp-content\/uploads\/2023\/07\/mail-open-fill-100x100.png 100w\" sizes=\"auto, (max-width: 240px) 100vw, 240px\" \/>\t\t\t\t\t\t\n\t\t\t\t\t<\/div>\n\t\t\t\t\t\t\t\t\n<style>\n#image_261119914 {\n  width: 15%;\n}\n@media (min-width:550px) {\n  #image_261119914 {\n    width: 20%;\n  }\n}\n<\/style>\n\t<\/div>\n\t\n\n<h3 class=\"uppercase\" style=\"text-align: left;\">Correo electr\u00f3nico<\/h3>\n<a href=\"#contact-us\" class=\"button white is-underline\" style=\"border-radius:99px;\">\n\t\t<span>Cont\u00e1ctenos<\/span>\n\t<\/a>\n\n\n\n\t\t<\/div>\n\t\t\t\t\t<\/div>\n\n\t\n\n\t<div id=\"col-293719833\" class=\"col medium-4 small-12 large-4\"  >\n\t\t\t\t<div class=\"col-inner\"  >\n\t\t\t\n\t\t\t\n\n\t<div class=\"img has-hover x md-x lg-x y md-y lg-y\" id=\"image_1101010363\">\n\t\t\t\t\t\t\t\t<div class=\"img-inner dark\" >\n\t\t\t<img loading=\"lazy\" decoding=\"async\" width=\"240\" height=\"240\" src=\"https:\/\/adavilalaw.com\/wp-content\/uploads\/2023\/07\/phone-fill.png\" class=\"attachment-large size-large\" alt=\"\" srcset=\"https:\/\/adavilalaw.com\/wp-content\/uploads\/2023\/07\/phone-fill.png 240w, https:\/\/adavilalaw.com\/wp-content\/uploads\/2023\/07\/phone-fill-100x100.png 100w\" sizes=\"auto, (max-width: 240px) 100vw, 240px\" \/>\t\t\t\t\t\t\n\t\t\t\t\t<\/div>\n\t\t\t\t\t\t\t\t\n<style>\n#image_1101010363 {\n  width: 15%;\n}\n@media (min-width:550px) {\n  #image_1101010363 {\n    width: 20%;\n  }\n}\n<\/style>\n\t<\/div>\n\t\n\n<h3 class=\"uppercase\">tel\u00e9fono<\/h3>\n<p><a href=\"tel:+19568404040\">PHONE: 956-840-4040<\/a><\/p>\n\n\t\t<\/div>\n\t\t\t\t\t<\/div>\n\n\t\n\n\t<div id=\"col-617857883\" class=\"col medium-4 small-12 large-4\"  >\n\t\t\t\t<div class=\"col-inner\"  >\n\t\t\t\n\t\t\t\n\n\t<div class=\"img has-hover x md-x lg-x y md-y lg-y\" id=\"image_1276320672\">\n\t\t\t\t\t\t\t\t<div class=\"img-inner dark\" >\n\t\t\t<img loading=\"lazy\" decoding=\"async\" width=\"240\" height=\"240\" src=\"https:\/\/adavilalaw.com\/wp-content\/uploads\/2023\/07\/map-pin-2-fill-2.png\" class=\"attachment-large size-large\" alt=\"\" srcset=\"https:\/\/adavilalaw.com\/wp-content\/uploads\/2023\/07\/map-pin-2-fill-2.png 240w, https:\/\/adavilalaw.com\/wp-content\/uploads\/2023\/07\/map-pin-2-fill-2-100x100.png 100w\" sizes=\"auto, (max-width: 240px) 100vw, 240px\" \/>\t\t\t\t\t\t\n\t\t\t\t\t<\/div>\n\t\t\t\t\t\t\t\t\n<style>\n#image_1276320672 {\n  width: 15%;\n}\n@media (min-width:550px) {\n  #image_1276320672 {\n    width: 20%;\n  }\n}\n<\/style>\n\t<\/div>\n\t\n\n<h3 class=\"uppercase\">DIRECCI\u00d3N<\/h3>\n<p><a href=\"https:\/\/maps.app.goo.gl\/jttu56boJjBnba8V8\" target=\"_blank\" rel=\"noopener\">1508 South Lone Star Way Suite 4, Edinburg, Texas 78539<\/a><\/p>\n\n\t\t<\/div>\n\t\t\t\t\t<\/div>\n\n\t\n\n<\/div>\n\n\t\t<\/div>\n\t\t\t\t\t<\/div>\n\n\t\n\n<\/div>\n\n\t\t<\/div>\n\n\t\t\n<style>\n#section_51801772 {\n  padding-top: 30px;\n  padding-bottom: 30px;\n  background-color: #273647;\n}\n<\/style>\n\t<\/section>","protected":false},"excerpt":{"rendered":"","protected":false},"author":1,"featured_media":275,"parent":0,"menu_order":0,"comment_status":"closed","ping_status":"closed","template":"page-blank.php","meta":{"nf_dc_page":"","footnotes":""},"class_list":["post-344","page","type-page","status-publish","has-post-thumbnail","hentry"],"_links":{"self":[{"href":"https:\/\/adavilalaw.com\/es\/wp-json\/wp\/v2\/pages\/344","targetHints":{"allow":["GET"]}}],"collection":[{"href":"https:\/\/adavilalaw.com\/es\/wp-json\/wp\/v2\/pages"}],"about":[{"href":"https:\/\/adavilalaw.com\/es\/wp-json\/wp\/v2\/types\/page"}],"author":[{"embeddable":true,"href":"https:\/\/adavilalaw.com\/es\/wp-json\/wp\/v2\/users\/1"}],"replies":[{"embeddable":true,"href":"https:\/\/adavilalaw.com\/es\/wp-json\/wp\/v2\/comments?post=344"}],"version-history":[{"count":7,"href":"https:\/\/adavilalaw.com\/es\/wp-json\/wp\/v2\/pages\/344\/revisions"}],"predecessor-version":[{"id":529,"href":"https:\/\/adavilalaw.com\/es\/wp-json\/wp\/v2\/pages\/344\/revisions\/529"}],"wp:featuredmedia":[{"embeddable":true,"href":"https:\/\/adavilalaw.com\/es\/wp-json\/wp\/v2\/media\/275"}],"wp:attachment":[{"href":"https:\/\/adavilalaw.com\/es\/wp-json\/wp\/v2\/media?parent=344"}],"curies":[{"name":"wp","href":"https:\/\/api.w.org\/{rel}","templated":true}]}}