{"id":452,"date":"2023-07-30T19:16:53","date_gmt":"2023-07-30T19:16:53","guid":{"rendered":"http:\/\/elh.drf.mybluehost.me\/.website_6bcd3499\/?page_id=452"},"modified":"2023-09-10T19:11:38","modified_gmt":"2023-09-10T19:11:38","slug":"angel-davila-esq","status":"publish","type":"page","link":"https:\/\/adavilalaw.com\/es\/angel-davila-esq\/","title":{"rendered":"\u00c1ngel D\u00e1vila, Esq."},"content":{"rendered":"<section class=\"section\" id=\"section_1449604963\">\n\t\t<div class=\"section-bg fill\" >\n\t\t\t\t\t\t\t\t\t\n\t\t\t\n\n\t\t<\/div>\n\n\t\t\n\n\t\t<div class=\"section-content relative\">\n\t\t\t\n\n<div class=\"row align-middle\"  id=\"row-1916365996\">\n\n\n\t<div id=\"col-1764875559\" class=\"col medium-5 small-12 large-5\"  >\n\t\t\t\t<div class=\"col-inner\"  >\n\t\t\t\n\t\t\t\n\n\n  <div class=\"banner has-hover\" id=\"banner-882999366\">\n          <div class=\"banner-inner fill\">\n        <div class=\"banner-bg fill\" >\n            <img loading=\"lazy\" decoding=\"async\" width=\"533\" height=\"800\" src=\"https:\/\/adavilalaw.com\/wp-content\/uploads\/2023\/07\/davila-1-533x800.jpeg\" class=\"bg attachment-large size-large\" alt=\"\" \/>                                    \n                    <\/div>\n\t\t\n        <div class=\"banner-layers container\">\n            <div class=\"fill banner-link\"><\/div>            \n\n\n        <\/div>\n      <\/div>\n\n            \n<style>\n#banner-882999366 {\n  padding-top: 400px;\n  background-color: rgb(255, 255, 255);\n}\n@media (min-width:550px) {\n  #banner-882999366 {\n    padding-top: 600px;\n  }\n}\n<\/style>\n  <\/div>\n\n\n\n\t\t<\/div>\n\t\t\t\t\t<\/div>\n\n\t\n\n\t<div id=\"col-2016475211\" class=\"col medium-7 small-12 large-7\"  >\n\t\t\t\t<div class=\"col-inner\"  >\n\t\t\t\n\t\t\t\n\n\t<div id=\"gap-309057706\" class=\"gap-element clearfix\" style=\"display:block; height:auto;\">\n\t\t\n<style>\n#gap-309057706 {\n  padding-top: 30px;\n}\n<\/style>\n\t<\/div>\n\t\n\n\t<div id=\"text-2133998119\" class=\"text\">\n\t\t\n\n<h3>\u00c1ngel D\u00e1vila, Esq.<\/h3>\n\t\t\n<style>\n#text-2133998119 {\n  font-size: 2.5rem;\n  line-height: 0.75;\n}\n<\/style>\n\t<\/div>\n\t\n<p><strong>Nac\u00ed y crec\u00ed en el Valle del R\u00edo Grande, entiendo la cultura y la forma de vida \u00fanica que vivimos. Estudi\u00e9 Ingl\u00e9s y Filosof\u00eda en la Universidad de Texas-Pan American, ahora Universidad de Texas en el Valle del R\u00edo Grande. A partir de ah\u00ed, obtuve una licenciatura en derecho en la Facultad de Derecho de Baylor en Waco, Texas, donde obtuve los m\u00e1s altos honores en Resoluci\u00f3n Alternativa de Disputas y Responsabilidad de Productos. Despu\u00e9s de comenzar como fiscal de delitos menores en la fiscal\u00eda del distrito de Hidalgo, asciend\u00ed hasta llegar al departamento de \u00e9lite de delitos graves. Durante mis a\u00f1os all\u00ed, manej\u00e9 cientos de casos y fui a juicio por todo, desde DWI hasta asesinato. Ahora he comenzado mi propia firma desde cero, lista para manejar litigios y otros problemas legales con habilidad, experiencia y excelencia.<\/strong><\/p>\n<h2>Educaci\u00f3n<\/h2>\n<ul>\n<li>Licenciatura en Ingl\u00e9s, Universidad de Texas-Pan American<\/li>\n<li>Doctor en Derecho, Facultad de Derecho de Baylor<\/li>\n<\/ul>\n<h2>Otro<\/h2>\n<ul>\n<li>Hablamos espa\u00f1ol con fluidez \u2013 Hablamos espa\u00f1ol.<\/li>\n<\/ul>\n<a href=\"#contact-us\" class=\"button primary\" style=\"border-radius:5px;padding:6px 30px 6px 30px;\">\n\t\t<span>Ponerse en contacto<\/span>\n\t<\/a>\n\n\n\n\t\t<\/div>\n\t\t\t\t\n<style>\n#col-2016475211 > .col-inner {\n  padding: 0px 1% 0px 1%;\n}\n@media (min-width:550px) {\n  #col-2016475211 > .col-inner {\n    padding: 0px 2% 0px 2%;\n  }\n}\n@media (min-width:850px) {\n  #col-2016475211 > .col-inner {\n    padding: 0px 0px 0px 10%;\n  }\n}\n<\/style>\n\t<\/div>\n\n\t\n\n<\/div>\n\n\t\t<\/div>\n\n\t\t\n<style>\n#section_1449604963 {\n  padding-top: 30px;\n  padding-bottom: 30px;\n}\n<\/style>\n\t<\/section>","protected":false},"excerpt":{"rendered":"","protected":false},"author":1,"featured_media":0,"parent":0,"menu_order":0,"comment_status":"closed","ping_status":"closed","template":"","meta":{"nf_dc_page":"","footnotes":""},"class_list":["post-452","page","type-page","status-publish","hentry"],"_links":{"self":[{"href":"https:\/\/adavilalaw.com\/es\/wp-json\/wp\/v2\/pages\/452","targetHints":{"allow":["GET"]}}],"collection":[{"href":"https:\/\/adavilalaw.com\/es\/wp-json\/wp\/v2\/pages"}],"about":[{"href":"https:\/\/adavilalaw.com\/es\/wp-json\/wp\/v2\/types\/page"}],"author":[{"embeddable":true,"href":"https:\/\/adavilalaw.com\/es\/wp-json\/wp\/v2\/users\/1"}],"replies":[{"embeddable":true,"href":"https:\/\/adavilalaw.com\/es\/wp-json\/wp\/v2\/comments?post=452"}],"version-history":[{"count":3,"href":"https:\/\/adavilalaw.com\/es\/wp-json\/wp\/v2\/pages\/452\/revisions"}],"predecessor-version":[{"id":508,"href":"https:\/\/adavilalaw.com\/es\/wp-json\/wp\/v2\/pages\/452\/revisions\/508"}],"wp:attachment":[{"href":"https:\/\/adavilalaw.com\/es\/wp-json\/wp\/v2\/media?parent=452"}],"curies":[{"name":"wp","href":"https:\/\/api.w.org\/{rel}","templated":true}]}}