{"id":55,"date":"2016-02-18T15:10:52","date_gmt":"2016-02-18T15:10:52","guid":{"rendered":"http:\/\/flatsome.dev\/?page_id=4041"},"modified":"2023-09-10T19:29:26","modified_gmt":"2023-09-10T19:29:26","slug":"simple-corporate","status":"publish","type":"page","link":"https:\/\/adavilalaw.com\/es\/","title":{"rendered":"Corporativo"},"content":{"rendered":"<div class=\"slider-wrapper relative\" id=\"slider-1493827284\" >\n    <div class=\"slider slider-nav-circle slider-nav-large slider-nav-light slider-style-normal\"\n        data-flickity-options='{            \"cellAlign\": \"center\",            \"imagesLoaded\": true,            \"lazyLoad\": 1,            \"freeScroll\": false,            \"wrapAround\": true,            \"autoPlay\": 6000,            \"pauseAutoPlayOnHover\" : true,            \"prevNextButtons\": true,            \"contain\" : true,            \"adaptiveHeight\" : true,            \"dragThreshold\" : 10,            \"percentPosition\": true,            \"pageDots\": true,            \"rightToLeft\": false,            \"draggable\": true,            \"selectedAttraction\": 0.1,            \"parallax\" : 0,            \"friction\": 0.6        }'\n        >\n        \n\n\n  <div class=\"banner has-hover\" id=\"banner-1520362836\">\n          <div class=\"banner-inner fill\">\n        <div class=\"banner-bg fill\" >\n            <img loading=\"lazy\" decoding=\"async\" width=\"2560\" height=\"1707\" src=\"https:\/\/adavilalaw.com\/wp-content\/uploads\/2023\/07\/pexels-sora-shimazaki-5668481-scaled.jpg\" class=\"bg attachment-original size-original\" alt=\"\" \/>                        <div class=\"overlay\"><\/div>            \n                    <\/div>\n\t\t\n        <div class=\"banner-layers container\">\n            <div class=\"fill banner-link\"><\/div>            \n\n   <div id=\"text-box-1387161975\" class=\"text-box banner-layer x5 md-x5 lg-x5 y95 md-y50 lg-y50 res-text\">\n                                <div class=\"text-box-content text box-shadow-1\">\n              \n              <div class=\"text-inner text-left\">\n                  \n\n<h5>Sirviendo a todo Texas<\/h5>\n<h3 class=\"cta-1\">MCALLEN, ABOGADO DE DEFENSA PENAL DE TEXAS<\/h3>\n<div class=\"row\"  id=\"row-2108601772\">\n\n\n\t<div id=\"col-781880511\" class=\"col small-12 large-12\"  >\n\t\t\t\t<div class=\"col-inner\"  >\n\t\t\t\n\t\t\t\n\n\t<div class=\"ux-menu stack stack-col justify-start\">\n\t\t\n\n\t<div class=\"ux-menu-link flex menu-item\">\n\t\t<a class=\"ux-menu-link__link flex\" href=\"https:\/\/adavilalaw.com\/es\/\" >\n\t\t\t<i class=\"ux-menu-link__icon text-center icon-checkmark\" aria-hidden=\"true\"><\/i>\t\t\t<span class=\"ux-menu-link__text\">\n\t\t\t\tEx fiscal\t\t\t<\/span>\n\t\t<\/a>\n\t<\/div>\n\t\n\n\t<div class=\"ux-menu-link flex menu-item\">\n\t\t<a class=\"ux-menu-link__link flex\" href=\"https:\/\/adavilalaw.com\/es\/\" >\n\t\t\t<i class=\"ux-menu-link__icon text-center icon-checkmark\" aria-hidden=\"true\"><\/i>\t\t\t<span class=\"ux-menu-link__text\">\n\t\t\t\tS\u00f3lido historial\t\t\t<\/span>\n\t\t<\/a>\n\t<\/div>\n\t\n\n\t<div class=\"ux-menu-link flex menu-item\">\n\t\t<a class=\"ux-menu-link__link flex\" href=\"https:\/\/adavilalaw.com\/es\/\" >\n\t\t\t<i class=\"ux-menu-link__icon text-center icon-checkmark\" aria-hidden=\"true\"><\/i>\t\t\t<span class=\"ux-menu-link__text\">\n\t\t\t\tExperiencia de prueba significativa\t\t\t<\/span>\n\t\t<\/a>\n\t<\/div>\n\t\n\n\t<div class=\"ux-menu-link flex menu-item\">\n\t\t<a class=\"ux-menu-link__link flex\" href=\"https:\/\/adavilalaw.com\/es\/\" >\n\t\t\t<i class=\"ux-menu-link__icon text-center icon-checkmark\" aria-hidden=\"true\"><\/i>\t\t\t<span class=\"ux-menu-link__text\">\n\t\t\t\tConsultas Gratuitas\t\t\t<\/span>\n\t\t<\/a>\n\t<\/div>\n\t\n\n\n\t<\/div>\n\t\n\n\t\t<\/div>\n\t\t\t\t\t<\/div>\n\n\t\n\n<\/div>\n<a href=\"#contact-us\" class=\"button primary is-gradient\" >\n\t\t<span>Ponerse en contacto<\/span>\n\t<\/a>\n\n\n\n              <\/div>\n           <\/div>\n                            \n<style>\n#text-box-1387161975 .text-box-content {\n  background-color: rgba(255, 255, 255, 0.94);\n  font-size: 100%;\n}\n#text-box-1387161975 .text-inner {\n  padding: 30px 30px 30px 30px;\n}\n#text-box-1387161975 {\n  width: 90%;\n}\n@media (min-width:550px) {\n  #text-box-1387161975 {\n    width: 44%;\n  }\n}\n<\/style>\n    <\/div>\n \n\n        <\/div>\n      <\/div>\n\n            \n<style>\n#banner-1520362836 {\n  padding-top: 637px;\n}\n#banner-1520362836 .overlay {\n  background-color: rgba(0,0,0,.5);\n}\n#banner-1520362836 .banner-bg img {\n  object-position: 62% 60%;\n}\n<\/style>\n  <\/div>\n\n\n\n     <\/div>\n\n     <div class=\"loading-spin dark large centered\"><\/div>\n\n\t<\/div>\n\n\n\n\t<section class=\"section\" id=\"section_2116415618\">\n\t\t<div class=\"section-bg fill\" >\n\t\t\t\t\t\t\t\t\t\n\t\t\t\n\n\t\t<\/div>\n\n\t\t\n\n\t\t<div class=\"section-content relative\">\n\t\t\t\n\n\t<div id=\"gap-275584769\" class=\"gap-element clearfix\" style=\"display:block; height:auto;\">\n\t\t\n<style>\n#gap-275584769 {\n  padding-top: 30px;\n}\n<\/style>\n\t<\/div>\n\t\n\n<div class=\"row align-middle\"  id=\"row-761314315\">\n\n\n\t<div id=\"col-1874696607\" class=\"col medium-12 small-12 large-6\"  >\n\t\t\t\t<div class=\"col-inner\"  >\n\t\t\t\n\t\t\t\n\n\n  <div class=\"banner has-hover\" id=\"banner-2104044673\">\n          <div class=\"banner-inner fill\">\n        <div class=\"banner-bg fill\" >\n            <img loading=\"lazy\" decoding=\"async\" width=\"533\" height=\"800\" src=\"https:\/\/adavilalaw.com\/wp-content\/uploads\/2023\/07\/davila-1-533x800.jpeg\" class=\"bg attachment-large size-large\" alt=\"\" \/>                                    \n                    <\/div>\n\t\t\n        <div class=\"banner-layers container\">\n            <div class=\"fill banner-link\"><\/div>            \n\n\n        <\/div>\n      <\/div>\n\n            \n<style>\n#banner-2104044673 {\n  padding-top: 300px;\n  background-color: rgba(255, 255, 255, 0);\n}\n#banner-2104044673 .banner-bg img {\n  object-position: 28% 15%;\n}\n@media (min-width:550px) {\n  #banner-2104044673 {\n    padding-top: 375px;\n  }\n}\n@media (min-width:850px) {\n  #banner-2104044673 {\n    padding-top: 450px;\n  }\n}\n<\/style>\n  <\/div>\n\n\n\n\t\t<\/div>\n\t\t\t\t\t<\/div>\n\n\t\n\n\t<div id=\"col-891242333\" class=\"col medium-12 small-12 large-6\"  >\n\t\t\t\t<div class=\"col-inner\"  >\n\t\t\t\n\t\t\t\n\n\t<div id=\"gap-1084716007\" class=\"gap-element clearfix\" style=\"display:block; height:auto;\">\n\t\t\n<style>\n#gap-1084716007 {\n  padding-top: 0px;\n}\n@media (min-width:850px) {\n  #gap-1084716007 {\n    padding-top: 30px;\n  }\n}\n<\/style>\n\t<\/div>\n\t\n\n\t<div id=\"text-3133243968\" class=\"text\">\n\t\t\n\n<h2>\u00c1ngel D\u00e1vila, Esq.<\/h2>\n\t\t\n<style>\n#text-3133243968 {\n  font-size: 1.25rem;\n}\n<\/style>\n\t<\/div>\n\t\n<p>Si vive en Texas y enfrenta cargos penales, necesita un abogado defensor penal con experiencia en McAllen, Texas, de su lado. Dirigida por Angel Davila, Esq., nuestra firma se dedica a proteger los derechos de los acusados de delitos en McAllen, el condado de Hidalgo y en todo el estado de Texas. Ya sea que haya recibido un DWI, est\u00e9 enfrentando cargos por drogas o est\u00e9 buscando que se eliminen sus antecedentes, puede recurrir a nosotros. Adem\u00e1s, si necesita ayuda con un asunto relacionado con el derecho de familia o la planificaci\u00f3n patrimonial, tambi\u00e9n estamos aqu\u00ed para ayudarle. P\u00f3ngase en contacto con las Oficinas Legales de \u00c1ngel D\u00e1vila hoy.<\/p>\n<a class=\"button primary is-underline\" >\n\t\t<span>M\u00e1s sobre<\/span>\n\t<\/a>\n\n\n\n\t\t<\/div>\n\t\t\t\t\n<style>\n#col-891242333 > .col-inner {\n  padding: 0px 0 0px 0px;\n}\n@media (min-width:550px) {\n  #col-891242333 > .col-inner {\n    padding: 0px 15% 0px 0px;\n  }\n}\n@media (min-width:850px) {\n  #col-891242333 > .col-inner {\n    padding: 0px 0px 0px 15%;\n  }\n}\n<\/style>\n\t<\/div>\n\n\t\n\n<\/div>\n\n\t\t<\/div>\n\n\t\t\n<style>\n#section_2116415618 {\n  padding-top: 15px;\n  padding-bottom: 15px;\n}\n@media (min-width:550px) {\n  #section_2116415618 {\n    padding-top: 30px;\n    padding-bottom: 30px;\n  }\n}\n@media (min-width:850px) {\n  #section_2116415618 {\n    padding-top: 50px;\n    padding-bottom: 50px;\n  }\n}\n<\/style>\n\t<\/section>\n\t\n\n\t<section class=\"section\" id=\"section_792183515\">\n\t\t<div class=\"section-bg fill\" >\n\t\t\t\t\t\t\t\t\t\n\t\t\t\n\n\t\t<\/div>\n\n\t\t\n\n\t\t<div class=\"section-content relative\">\n\t\t\t\n\n<div class=\"row row-large\"  id=\"row-218633257\">\n\n\n\t<div id=\"col-1711257833\" class=\"col medium-3 small-12 large-3\"  >\n\t\t\t\t<div class=\"col-inner text-center\"  >\n\t\t\t\n\t\t\t\n\n\n\t\t<div class=\"icon-box featured-box icon-box-top text-left\"  >\n\t\t\t\t\t<div class=\"icon-box-img\" style=\"width: 60px\">\n\t\t\t\t<div class=\"icon\">\n\t\t\t\t\t<div class=\"icon-inner\" >\n\t\t\t\t\t\t<img loading=\"lazy\" decoding=\"async\" width=\"96\" height=\"96\" src=\"https:\/\/adavilalaw.com\/wp-content\/uploads\/2023\/07\/file-list-line.png\" class=\"attachment-medium size-medium\" alt=\"\" \/>\t\t\t\t\t<\/div>\n\t\t\t\t<\/div>\n\t\t\t<\/div>\n\t\t\t\t<div class=\"icon-box-text last-reset\">\n\t\t\t\t\t\t\t\t\t\n\n\t<div id=\"text-1028664898\" class=\"text\">\n\t\t\n\n<p>Conocimiento de c\u00f3mo se forman los casos contra presuntos infractores.<\/p>\n\t\t\n<style>\n#text-1028664898 {\n  text-align: center;\n}\n<\/style>\n\t<\/div>\n\t\n\n\t\t<\/div>\n\t<\/div>\n\t\n\t\n\n\t\t<\/div>\n\t\t\t\t\t<\/div>\n\n\t\n\n\t<div id=\"col-1119035942\" class=\"col medium-3 small-12 large-3\"  >\n\t\t\t\t<div class=\"col-inner text-center\"  >\n\t\t\t\n\t\t\t\n\n\n\t\t<div class=\"icon-box featured-box icon-box-top text-left\"  >\n\t\t\t\t\t<div class=\"icon-box-img\" style=\"width: 60px\">\n\t\t\t\t<div class=\"icon\">\n\t\t\t\t\t<div class=\"icon-inner\" >\n\t\t\t\t\t\t<img loading=\"lazy\" decoding=\"async\" width=\"96\" height=\"96\" src=\"https:\/\/adavilalaw.com\/wp-content\/uploads\/2023\/07\/file-list-line.png\" class=\"attachment-medium size-medium\" alt=\"\" \/>\t\t\t\t\t<\/div>\n\t\t\t\t<\/div>\n\t\t\t<\/div>\n\t\t\t\t<div class=\"icon-box-text last-reset\">\n\t\t\t\t\t\t\t\t\t\n\n\t<div id=\"text-3737590488\" class=\"text\">\n\t\t\n\n<p>La capacidad de reconocer un caso endeble.<\/p>\n\t\t\n<style>\n#text-3737590488 {\n  text-align: center;\n}\n<\/style>\n\t<\/div>\n\t\n\n\t\t<\/div>\n\t<\/div>\n\t\n\t\n\n\t\t<\/div>\n\t\t\t\t\t<\/div>\n\n\t\n\n\t<div id=\"col-2075473161\" class=\"col medium-3 small-12 large-3\"  >\n\t\t\t\t<div class=\"col-inner text-center\"  >\n\t\t\t\n\t\t\t\n\n\n\t\t<div class=\"icon-box featured-box icon-box-top text-left\"  >\n\t\t\t\t\t<div class=\"icon-box-img\" style=\"width: 60px\">\n\t\t\t\t<div class=\"icon\">\n\t\t\t\t\t<div class=\"icon-inner\" >\n\t\t\t\t\t\t<img loading=\"lazy\" decoding=\"async\" width=\"96\" height=\"96\" src=\"https:\/\/adavilalaw.com\/wp-content\/uploads\/2023\/07\/file-list-line.png\" class=\"attachment-medium size-medium\" alt=\"\" \/>\t\t\t\t\t<\/div>\n\t\t\t\t<\/div>\n\t\t\t<\/div>\n\t\t\t\t<div class=\"icon-box-text last-reset\">\n\t\t\t\t\t\t\t\t\t\n\n\t<div id=\"text-2384372104\" class=\"text\">\n\t\t\n\n<p>Comprender c\u00f3mo los jueces y jurados ven ciertos casos.<\/p>\n\t\t\n<style>\n#text-2384372104 {\n  text-align: center;\n}\n<\/style>\n\t<\/div>\n\t\n\n\t\t<\/div>\n\t<\/div>\n\t\n\t\n\n\t\t<\/div>\n\t\t\t\t\t<\/div>\n\n\t\n\n\t<div id=\"col-434636092\" class=\"col medium-3 small-12 large-3\"  >\n\t\t\t\t<div class=\"col-inner text-center\"  >\n\t\t\t\n\t\t\t\n\n\n\t\t<div class=\"icon-box featured-box icon-box-top text-left\"  >\n\t\t\t\t\t<div class=\"icon-box-img\" style=\"width: 60px\">\n\t\t\t\t<div class=\"icon\">\n\t\t\t\t\t<div class=\"icon-inner\" >\n\t\t\t\t\t\t<img loading=\"lazy\" decoding=\"async\" width=\"96\" height=\"96\" src=\"https:\/\/adavilalaw.com\/wp-content\/uploads\/2023\/07\/file-list-line.png\" class=\"attachment-medium size-medium\" alt=\"\" \/>\t\t\t\t\t<\/div>\n\t\t\t\t<\/div>\n\t\t\t<\/div>\n\t\t\t\t<div class=\"icon-box-text last-reset\">\n\t\t\t\t\t\t\t\t\t\n\n\t<div id=\"text-1688757848\" class=\"text\">\n\t\t\n\n<p>Saber cu\u00e1ndo llegar a un acuerdo con la fiscal\u00eda y cu\u00e1ndo seguir luchando<\/p>\n\t\t\n<style>\n#text-1688757848 {\n  text-align: center;\n}\n<\/style>\n\t<\/div>\n\t\n\n\t\t<\/div>\n\t<\/div>\n\t\n\t\n\n\t\t<\/div>\n\t\t\t\t\t<\/div>\n\n\t\n\n\n<style>\n#row-218633257 > .col > .col-inner {\n  padding: 0px 5% 0px 5%;\n}\n<\/style>\n<\/div>\n\t<div id=\"gap-1704117232\" class=\"gap-element clearfix hide-for-small\" style=\"display:block; height:auto;\">\n\t\t\n<style>\n#gap-1704117232 {\n  padding-top: 30px;\n}\n<\/style>\n\t<\/div>\n\t\n\n\n\t\t<\/div>\n\n\t\t\n<style>\n#section_792183515 {\n  padding-top: 0px;\n  padding-bottom: 0px;\n}\n<\/style>\n\t<\/section>\n\t\n\n\t<section class=\"section\" id=\"section_1686295040\">\n\t\t<div class=\"section-bg fill\" >\n\t\t\t<img loading=\"lazy\" decoding=\"async\" width=\"1757\" height=\"2560\" src=\"https:\/\/adavilalaw.com\/wp-content\/uploads\/2023\/07\/pexels-sora-shimazaki-5669602-scaled.jpg\" class=\"bg attachment- size-\" alt=\"\" \/>\t\t\t\t\t\t<div class=\"section-bg-overlay absolute fill\"><\/div>\n\t\t\t\n\n\t\t<\/div>\n\n\t\t\n\n\t\t<div class=\"section-content relative\">\n\t\t\t\n\n<div class=\"row align-right\"  id=\"row-271607026\">\n\n\n\t<div id=\"col-1424943137\" class=\"col medium-9 small-12 large-9\"  >\n\t\t\t\t<div class=\"col-inner\"  >\n\t\t\t\n\t\t\t\n\n\n  <div class=\"banner has-hover\" id=\"banner-1587629715\">\n          <div class=\"banner-inner fill\">\n        <div class=\"banner-bg fill\" >\n            <img loading=\"lazy\" decoding=\"async\" width=\"724\" height=\"800\" src=\"https:\/\/adavilalaw.com\/wp-content\/uploads\/2023\/07\/davila-2-724x800.png\" class=\"bg attachment-large size-large\" alt=\"\" \/>                                    \n                    <\/div>\n\t\t\n        <div class=\"banner-layers container\">\n            <div class=\"fill banner-link\"><\/div>            \n\n\n        <\/div>\n      <\/div>\n\n            \n<style>\n#banner-1587629715 {\n  padding-top: 300px;\n  background-color: rgba(255, 255, 255, 0);\n}\n#banner-1587629715 .banner-bg img {\n  object-position: 29% 4%;\n}\n@media (min-width:550px) {\n  #banner-1587629715 {\n    padding-top: 500px;\n  }\n}\n<\/style>\n  <\/div>\n\n\n\n\t\t<\/div>\n\t\t\t\t\n<style>\n#col-1424943137 > .col-inner {\n  padding: 77px 0px 0px 0px;\n  margin: 0px 0px -605px 40px;\n}\n@media (min-width:850px) {\n  #col-1424943137 > .col-inner {\n    padding: 64px 0px 0px 0px;\n    margin: 0px 0px -605px 0px;\n  }\n}\n<\/style>\n\t<\/div>\n\n\t\n\n<\/div>\n<div class=\"row\"  id=\"row-1653698330\">\n\n\n\t<div id=\"col-2016213447\" class=\"col medium-7 small-12 large-6\"  >\n\t\t\t\t<div class=\"col-inner\" style=\"background-color:rgb(255,255,255);\" >\n\t\t\t\n\t\t\t\n\n\t<div id=\"text-3601522828\" class=\"text\">\n\t\t\n\n<h4>\u00bfENFRENTA CARGOS PENALES?<br \/>TENGA A UN EX FISCAL DE SU ESQUINA.<\/h4>\n\t\t\n<style>\n#text-3601522828 {\n  font-size: 1.25rem;\n}\n<\/style>\n\t<\/div>\n\t\n<p>En un mar de abogados defensores criminales, nuestra firma se destaca porque Angel Davila, Esq. tiene una experiencia significativa en el manejo de casos penales de cada lado del pasillo, tanto como fiscal como abogado defensor. Despu\u00e9s de procesar cientos de casos que van desde delitos menores hasta delitos graves, el Sr. D\u00e1vila se encuentra en una posici\u00f3n \u00fanica que utilizar\u00e1 para representarlo mejor.<\/p>\n<a href=\"#contact-us\" class=\"button primary is-underline is-larger\" >\n\t\t<span>Ponerse en contacto<\/span>\n\t<\/a>\n\n\n\n\t\t<\/div>\n\t\t\t\t\n<style>\n#col-2016213447 > .col-inner {\n  padding: 30px 30px 20px 30px;\n  margin: 25px 0px 0px 0px;\n}\n@media (min-width:550px) {\n  #col-2016213447 > .col-inner {\n    padding: 10% 10% 8% 10%;\n    margin: -90px 0px 30px 0px;\n  }\n}\n<\/style>\n\t<\/div>\n\n\t\n\n<\/div>\n\n\t\t<\/div>\n\n\t\t\n<style>\n#section_1686295040 {\n  padding-top: 50px;\n  padding-bottom: 50px;\n  background-color: rgb(247, 246, 242);\n}\n#section_1686295040 .section-bg-overlay {\n  background-color: rgba(0,0,0,.5);\n}\n#section_1686295040 .section-bg img {\n  object-position: 65% 61%;\n}\n@media (min-width:850px) {\n  #section_1686295040 {\n    padding-top: 80px;\n    padding-bottom: 80px;\n  }\n}\n<\/style>\n\t<\/section>\n\t\n\n\t<section class=\"section\" id=\"section_345747781\">\n\t\t<div class=\"section-bg fill\" >\n\t\t\t\t\t\t\t\t\t\n\t\t\t\n\n\t\t<\/div>\n\n\t\t\n\n\t\t<div class=\"section-content relative\">\n\t\t\t\n\n\t<div id=\"gap-1127807219\" class=\"gap-element clearfix\" style=\"display:block; height:auto;\">\n\t\t\n<style>\n#gap-1127807219 {\n  padding-top: 30px;\n}\n<\/style>\n\t<\/div>\n\t\n\n<div class=\"row\"  id=\"row-1711908174\">\n\n\n\t<div id=\"col-239898609\" class=\"col small-12 large-12\"  >\n\t\t\t\t<div class=\"col-inner\"  >\n\t\t\t\n\t\t\t\n\n\t<div id=\"text-174251569\" class=\"text\">\n\t\t\n\n<h2>Nuestros servicios<\/h2>\n\t\t\n<style>\n#text-174251569 {\n  font-size: 1.25rem;\n}\n<\/style>\n\t<\/div>\n\t\n\n\t\t<\/div>\n\t\t\t\t\n<style>\n#col-239898609 > .col-inner {\n  margin: 0px 0px -20px 0px;\n}\n<\/style>\n\t<\/div>\n\n\t\n\n<\/div>\n<div class=\"row\"  id=\"row-1681293639\">\n\n\n\t<div id=\"col-1339192647\" class=\"col medium-3 small-12 large-3\"  >\n\t\t\t\t<div class=\"col-inner\"  >\n\t\t\t\n\t\t\t\n\n\t<div class=\"box has-hover   has-hover box-text-bottom\" >\n\n\t\t<div class=\"box-image\" >\n\t\t\t<a href=\"#\" >\t\t\t<div class=\"image-zoom image-cover\" style=\"padding-top:250px;\">\n\t\t\t\t<img loading=\"lazy\" decoding=\"async\" width=\"2560\" height=\"1920\" src=\"https:\/\/adavilalaw.com\/wp-content\/uploads\/2023\/07\/pexels-kindel-media-7785046-scaled.jpg\" class=\"attachment- size-\" alt=\"\" srcset=\"https:\/\/adavilalaw.com\/wp-content\/uploads\/2023\/07\/pexels-kindel-media-7785046-scaled.jpg 2560w, https:\/\/adavilalaw.com\/wp-content\/uploads\/2023\/07\/pexels-kindel-media-7785046-533x400.jpg 533w, https:\/\/adavilalaw.com\/wp-content\/uploads\/2023\/07\/pexels-kindel-media-7785046-1067x800.jpg 1067w, https:\/\/adavilalaw.com\/wp-content\/uploads\/2023\/07\/pexels-kindel-media-7785046-768x576.jpg 768w, https:\/\/adavilalaw.com\/wp-content\/uploads\/2023\/07\/pexels-kindel-media-7785046-1536x1152.jpg 1536w, https:\/\/adavilalaw.com\/wp-content\/uploads\/2023\/07\/pexels-kindel-media-7785046-2048x1536.jpg 2048w, https:\/\/adavilalaw.com\/wp-content\/uploads\/2023\/07\/pexels-kindel-media-7785046-600x450.jpg 600w\" sizes=\"auto, (max-width: 2560px) 100vw, 2560px\" \/>\t\t\t\t\t\t\t\t\t\t\t<\/div>\n\t\t\t<\/a>\t\t<\/div>\n\n\t\t<div class=\"box-text text-left\" >\n\t\t\t<div class=\"box-text-inner\">\n\t\t\t\t\n\n\t<div id=\"gap-1504564863\" class=\"gap-element clearfix\" style=\"display:block; height:auto;\">\n\t\t\n<style>\n#gap-1504564863 {\n  padding-top: 10px;\n}\n<\/style>\n\t<\/div>\n\t\n\n\t<div id=\"text-602504961\" class=\"text\">\n\t\t\n\n<h4>Defensa Penal<\/h4>\n\t\t\n<style>\n#text-602504961 {\n  font-size: 1.25rem;\n}\n<\/style>\n\t<\/div>\n\t\n<a class=\"button primary is-link\" style=\"padding:0px 0px 0px 0;\">\n\t\t<span>Explorar<\/span>\n\t<i class=\"icon-angle-right\" aria-hidden=\"true\"><\/i><\/a>\n\n\n\n\t\t\t<\/div>\n\t\t<\/div>\n\t<\/div>\n\t\n\n\t\t<\/div>\n\t\t\t\t\t<\/div>\n\n\t\n\n\t<div id=\"col-1583906055\" class=\"col medium-3 small-12 large-3\"  >\n\t\t\t\t<div class=\"col-inner\"  >\n\t\t\t\n\t\t\t\n\n\t<div class=\"box has-hover   has-hover box-text-bottom\" >\n\n\t\t<div class=\"box-image\" >\n\t\t\t<a href=\"#\" >\t\t\t<div class=\"image-zoom image-cover\" style=\"padding-top:250px;\">\n\t\t\t\t<img loading=\"lazy\" decoding=\"async\" width=\"1707\" height=\"2560\" src=\"https:\/\/adavilalaw.com\/wp-content\/uploads\/2023\/07\/pexels-cottonbro-studio-4098213-scaled.jpg\" class=\"attachment- size-\" alt=\"\" srcset=\"https:\/\/adavilalaw.com\/wp-content\/uploads\/2023\/07\/pexels-cottonbro-studio-4098213-scaled.jpg 1707w, https:\/\/adavilalaw.com\/wp-content\/uploads\/2023\/07\/pexels-cottonbro-studio-4098213-scaled-600x900.jpg 600w, https:\/\/adavilalaw.com\/wp-content\/uploads\/2023\/07\/pexels-cottonbro-studio-4098213-267x400.jpg 267w, https:\/\/adavilalaw.com\/wp-content\/uploads\/2023\/07\/pexels-cottonbro-studio-4098213-533x800.jpg 533w, https:\/\/adavilalaw.com\/wp-content\/uploads\/2023\/07\/pexels-cottonbro-studio-4098213-768x1152.jpg 768w, https:\/\/adavilalaw.com\/wp-content\/uploads\/2023\/07\/pexels-cottonbro-studio-4098213-1024x1536.jpg 1024w, https:\/\/adavilalaw.com\/wp-content\/uploads\/2023\/07\/pexels-cottonbro-studio-4098213-1365x2048.jpg 1365w\" sizes=\"auto, (max-width: 1707px) 100vw, 1707px\" \/>\t\t\t\t\t\t\t\t\t\t\t<\/div>\n\t\t\t<\/a>\t\t<\/div>\n\n\t\t<div class=\"box-text text-left\" >\n\t\t\t<div class=\"box-text-inner\">\n\t\t\t\t\n\n\t<div id=\"gap-1167013157\" class=\"gap-element clearfix\" style=\"display:block; height:auto;\">\n\t\t\n<style>\n#gap-1167013157 {\n  padding-top: 10px;\n}\n<\/style>\n\t<\/div>\n\t\n\n\t<div id=\"text-1532489997\" class=\"text\">\n\t\t\n\n<h4>Divorcio<\/h4>\n\t\t\n<style>\n#text-1532489997 {\n  font-size: 1.25rem;\n}\n<\/style>\n\t<\/div>\n\t\n<a class=\"button primary is-link\" style=\"padding:0px 0px 0px 0;\">\n\t\t<span>Explorar<\/span>\n\t<i class=\"icon-angle-right\" aria-hidden=\"true\"><\/i><\/a>\n\n\n\n\t\t\t<\/div>\n\t\t<\/div>\n\t<\/div>\n\t\n\n\t\t<\/div>\n\t\t\t\t\t<\/div>\n\n\t\n\n\t<div id=\"col-738107415\" class=\"col medium-3 small-12 large-3\"  >\n\t\t\t\t<div class=\"col-inner\"  >\n\t\t\t\n\t\t\t\n\n\t<div class=\"box has-hover   has-hover box-text-bottom\" >\n\n\t\t<div class=\"box-image\" >\n\t\t\t<a href=\"#\" >\t\t\t<div class=\"image-zoom image-cover\" style=\"padding-top:250px;\">\n\t\t\t\t<img loading=\"lazy\" decoding=\"async\" width=\"1709\" height=\"2560\" src=\"https:\/\/adavilalaw.com\/wp-content\/uploads\/2023\/07\/pexels-kampus-production-8815875-scaled.jpg\" class=\"attachment- size-\" alt=\"\" srcset=\"https:\/\/adavilalaw.com\/wp-content\/uploads\/2023\/07\/pexels-kampus-production-8815875-scaled.jpg 1709w, https:\/\/adavilalaw.com\/wp-content\/uploads\/2023\/07\/pexels-kampus-production-8815875-scaled-600x899.jpg 600w, https:\/\/adavilalaw.com\/wp-content\/uploads\/2023\/07\/pexels-kampus-production-8815875-267x400.jpg 267w, https:\/\/adavilalaw.com\/wp-content\/uploads\/2023\/07\/pexels-kampus-production-8815875-534x800.jpg 534w, https:\/\/adavilalaw.com\/wp-content\/uploads\/2023\/07\/pexels-kampus-production-8815875-768x1150.jpg 768w, https:\/\/adavilalaw.com\/wp-content\/uploads\/2023\/07\/pexels-kampus-production-8815875-1025x1536.jpg 1025w, https:\/\/adavilalaw.com\/wp-content\/uploads\/2023\/07\/pexels-kampus-production-8815875-1367x2048.jpg 1367w\" sizes=\"auto, (max-width: 1709px) 100vw, 1709px\" \/>\t\t\t\t\t\t\t\t\t\t\t<\/div>\n\t\t\t<\/a>\t\t<\/div>\n\n\t\t<div class=\"box-text text-left\" >\n\t\t\t<div class=\"box-text-inner\">\n\t\t\t\t\n\n\t<div id=\"gap-64155570\" class=\"gap-element clearfix\" style=\"display:block; height:auto;\">\n\t\t\n<style>\n#gap-64155570 {\n  padding-top: 10px;\n}\n<\/style>\n\t<\/div>\n\t\n\n\t<div id=\"text-3778864241\" class=\"text\">\n\t\t\n\n<h4>Planificaci\u00f3n patrimonial<\/h4>\n\t\t\n<style>\n#text-3778864241 {\n  font-size: 1.25rem;\n}\n<\/style>\n\t<\/div>\n\t\n<a class=\"button primary is-link\" style=\"padding:0px 0px 0px 0;\">\n\t\t<span>Explorar<\/span>\n\t<i class=\"icon-angle-right\" aria-hidden=\"true\"><\/i><\/a>\n\n\n\n\t\t\t<\/div>\n\t\t<\/div>\n\t<\/div>\n\t\n\n\t\t<\/div>\n\t\t\t\t\t<\/div>\n\n\t\n\n\t<div id=\"col-1676399831\" class=\"col medium-3 small-12 large-3\"  >\n\t\t\t\t<div class=\"col-inner\"  >\n\t\t\t\n\t\t\t\n\n\t<div class=\"box has-hover   has-hover box-text-bottom\" >\n\n\t\t<div class=\"box-image\" >\n\t\t\t<a href=\"#\" >\t\t\t<div class=\"image-zoom image-cover\" style=\"padding-top:250px;\">\n\t\t\t\t<img loading=\"lazy\" decoding=\"async\" width=\"2560\" height=\"1707\" src=\"https:\/\/adavilalaw.com\/wp-content\/uploads\/2023\/07\/pexels-rdne-stock-project-6519912-scaled.jpg\" class=\"attachment- size-\" alt=\"\" srcset=\"https:\/\/adavilalaw.com\/wp-content\/uploads\/2023\/07\/pexels-rdne-stock-project-6519912-scaled.jpg 2560w, https:\/\/adavilalaw.com\/wp-content\/uploads\/2023\/07\/pexels-rdne-stock-project-6519912-600x400.jpg 600w, https:\/\/adavilalaw.com\/wp-content\/uploads\/2023\/07\/pexels-rdne-stock-project-6519912-1200x800.jpg 1200w, https:\/\/adavilalaw.com\/wp-content\/uploads\/2023\/07\/pexels-rdne-stock-project-6519912-768x512.jpg 768w, https:\/\/adavilalaw.com\/wp-content\/uploads\/2023\/07\/pexels-rdne-stock-project-6519912-1536x1024.jpg 1536w, https:\/\/adavilalaw.com\/wp-content\/uploads\/2023\/07\/pexels-rdne-stock-project-6519912-2048x1365.jpg 2048w\" sizes=\"auto, (max-width: 2560px) 100vw, 2560px\" \/>\t\t\t\t\t\t\t\t\t\t\t<\/div>\n\t\t\t<\/a>\t\t<\/div>\n\n\t\t<div class=\"box-text text-left\" >\n\t\t\t<div class=\"box-text-inner\">\n\t\t\t\t\n\n\t<div id=\"gap-493872589\" class=\"gap-element clearfix\" style=\"display:block; height:auto;\">\n\t\t\n<style>\n#gap-493872589 {\n  padding-top: 10px;\n}\n<\/style>\n\t<\/div>\n\t\n\n\t<div id=\"text-92184985\" class=\"text\">\n\t\t\n\n<h4>Lesiones personales<\/h4>\n\t\t\n<style>\n#text-92184985 {\n  font-size: 1.25rem;\n}\n<\/style>\n\t<\/div>\n\t\n<a class=\"button primary is-link\" style=\"padding:0px 0px 0px 0;\">\n\t\t<span>Explorar<\/span>\n\t<i class=\"icon-angle-right\" aria-hidden=\"true\"><\/i><\/a>\n\n\n\n\t\t\t<\/div>\n\t\t<\/div>\n\t<\/div>\n\t\n\n\t\t<\/div>\n\t\t\t\t\t<\/div>\n\n\t\n\n<\/div>\n\n\t\t<\/div>\n\n\t\t\n<style>\n#section_345747781 {\n  padding-top: 25px;\n  padding-bottom: 25px;\n  margin-bottom: -25px;\n}\n@media (min-width:850px) {\n  #section_345747781 {\n    padding-top: 40px;\n    padding-bottom: 40px;\n  }\n}\n<\/style>\n\t<\/section>","protected":false},"excerpt":{"rendered":"","protected":false},"author":1,"featured_media":17,"parent":70,"menu_order":1,"comment_status":"closed","ping_status":"closed","template":"page-blank.php","meta":{"nf_dc_page":"","footnotes":""},"class_list":["post-55","page","type-page","status-publish","has-post-thumbnail","hentry"],"_links":{"self":[{"href":"https:\/\/adavilalaw.com\/es\/wp-json\/wp\/v2\/pages\/55","targetHints":{"allow":["GET"]}}],"collection":[{"href":"https:\/\/adavilalaw.com\/es\/wp-json\/wp\/v2\/pages"}],"about":[{"href":"https:\/\/adavilalaw.com\/es\/wp-json\/wp\/v2\/types\/page"}],"author":[{"embeddable":true,"href":"https:\/\/adavilalaw.com\/es\/wp-json\/wp\/v2\/users\/1"}],"replies":[{"embeddable":true,"href":"https:\/\/adavilalaw.com\/es\/wp-json\/wp\/v2\/comments?post=55"}],"version-history":[{"count":10,"href":"https:\/\/adavilalaw.com\/es\/wp-json\/wp\/v2\/pages\/55\/revisions"}],"predecessor-version":[{"id":511,"href":"https:\/\/adavilalaw.com\/es\/wp-json\/wp\/v2\/pages\/55\/revisions\/511"}],"up":[{"embeddable":true,"href":"https:\/\/adavilalaw.com\/es\/wp-json\/wp\/v2\/pages\/70"}],"wp:featuredmedia":[{"embeddable":true,"href":"https:\/\/adavilalaw.com\/es\/wp-json\/wp\/v2\/media\/17"}],"wp:attachment":[{"href":"https:\/\/adavilalaw.com\/es\/wp-json\/wp\/v2\/media?parent=55"}],"curies":[{"name":"wp","href":"https:\/\/api.w.org\/{rel}","templated":true}]}}